{"id":70,"date":"2022-07-27T11:21:27","date_gmt":"2022-07-27T16:21:27","guid":{"rendered":"https:\/\/quelites.geofisica.unam.mx\/wordpress\/?page_id=70"},"modified":"2022-08-16T19:18:11","modified_gmt":"2022-08-17T00:18:11","slug":"estaciones","status":"publish","type":"page","link":"https:\/\/quelites.geofisica.unam.mx\/wordpress\/index.php\/estaciones\/","title":{"rendered":"Estaciones"},"content":{"rendered":"<div data-colibri-id=\"70-c1\" class=\"style-703 style-local-70-c1 position-relative\">\n  <!---->\n  <div data-colibri-component=\"section\" data-colibri-id=\"70-c2\" id=\"custom\" class=\"h-section h-section-global-spacing d-flex align-items-lg-center align-items-md-center align-items-center style-708 style-local-70-c2 position-relative\">\n    <!---->\n    <!---->\n    <div class=\"h-section-grid-container h-section-boxed-container\">\n      <!---->\n      <div data-colibri-id=\"70-c3\" class=\"h-row-container gutters-row-lg-2 gutters-row-md-2 gutters-row-0 gutters-row-v-lg-2 gutters-row-v-md-2 gutters-row-v-2 style-711 style-local-70-c3 position-relative\">\n        <!---->\n        <div class=\"h-row justify-content-lg-center justify-content-md-center justify-content-center align-items-lg-stretch align-items-md-stretch align-items-stretch gutters-col-lg-2 gutters-col-md-2 gutters-col-0 gutters-col-v-lg-2 gutters-col-v-md-2 gutters-col-v-2\">\n          <!---->\n          <div class=\"h-column h-column-container d-flex h-col-lg-auto h-col-md-auto h-col-auto style-712-outer style-local-70-c4-outer\">\n            <div data-colibri-id=\"70-c4\" class=\"d-flex h-flex-basis h-column__inner h-px-lg-2 h-px-md-2 h-px-2 v-inner-lg-2 v-inner-md-2 v-inner-2 style-712 style-local-70-c4 position-relative\">\n              <!---->\n              <!---->\n              <div class=\"w-100 h-y-container h-column__content h-column__v-align flex-basis-100 align-self-lg-start align-self-md-start align-self-start\">\n                <!---->\n                <div data-colibri-id=\"70-c5\" class=\"d-block style-713 style-local-70-c5 position-relative h-element\">\n                  <!---->\n                  <div class=\"h-image__frame-container-outer\">\n                    <div class=\"h-image__frame-container\">\n                      <!---->\n                      <!---->\n                      <img loading=\"lazy\" width=\"1651\" height=\"1275\" src=\"https:\/\/quelites.geofisica.unam.mx\/wordpress\/wp-content\/uploads\/2022\/08\/RedMareografica2022.png\" class=\"wp-image-1237 style-713-image style-local-70-c5-image\" srcset=\"https:\/\/quelites.geofisica.unam.mx\/wordpress\/wp-content\/uploads\/2022\/08\/RedMareografica2022.png 1651w, https:\/\/quelites.geofisica.unam.mx\/wordpress\/wp-content\/uploads\/2022\/08\/RedMareografica2022-300x232.png 300w, https:\/\/quelites.geofisica.unam.mx\/wordpress\/wp-content\/uploads\/2022\/08\/RedMareografica2022-1024x791.png 1024w, https:\/\/quelites.geofisica.unam.mx\/wordpress\/wp-content\/uploads\/2022\/08\/RedMareografica2022-768x593.png 768w, https:\/\/quelites.geofisica.unam.mx\/wordpress\/wp-content\/uploads\/2022\/08\/RedMareografica2022-1536x1186.png 1536w\" sizes=\"(max-width: 1651px) 100vw, 1651px\" alt=\"\" \/>\n                      <div class=\"h-image__frame h-hide-lg h-hide-md h-hide-sm style-713-frameImage style-local-70-c5-frameImage\"><\/div>\n                    <\/div>\n                  <\/div>\n                <\/div>\n              <\/div>\n            <\/div>\n          <\/div>\n        <\/div>\n      <\/div>\n      <div data-colibri-id=\"70-c6\" class=\"h-row-container gutters-row-lg-2 gutters-row-md-2 gutters-row-0 gutters-row-v-lg-2 gutters-row-v-md-2 gutters-row-v-2 style-709 style-local-70-c6 position-relative\">\n        <!---->\n        <div class=\"h-row justify-content-lg-center justify-content-md-center justify-content-center align-items-lg-stretch align-items-md-stretch align-items-stretch gutters-col-lg-2 gutters-col-md-2 gutters-col-0 gutters-col-v-lg-2 gutters-col-v-md-2 gutters-col-v-2\">\n          <!---->\n          <div class=\"h-column h-column-container d-flex h-col-lg-auto h-col-md-auto h-col-auto style-710-outer style-local-70-c7-outer\">\n            <div data-colibri-id=\"70-c7\" class=\"d-flex h-flex-basis h-column__inner h-px-lg-2 h-px-md-2 h-px-2 v-inner-lg-2 v-inner-md-2 v-inner-2 style-710 style-local-70-c7 position-relative\">\n              <!---->\n              <!---->\n              <div class=\"w-100 h-y-container h-column__content h-column__v-align flex-basis-100 align-self-lg-start align-self-md-start align-self-start\">\n                <!---->\n                <div data-colibri-id=\"70-c8\" class=\"d-block style-715 style-local-70-c8 position-relative h-element\">\n                  <!---->\n                  <div class=\"h-image__frame-container-outer\">\n                    <a href=\"http:\/\/www.mareografico.unam.mx\/portal\/index.php?page=Estaciones\" h-use-smooth-scroll=\"true\" class=\"image-link\">\n                      <div class=\"h-image__frame-container\">\n                        <!---->\n                        <!---->\n                        <img loading=\"lazy\" width=\"414\" height=\"200\" src=\"https:\/\/quelites.geofisica.unam.mx\/wordpress\/wp-content\/uploads\/2022\/08\/pacifico_chico-e1660239453778.jpg\" class=\"wp-image-1238 style-715-image style-local-70-c8-image\" srcset=\"https:\/\/quelites.geofisica.unam.mx\/wordpress\/wp-content\/uploads\/2022\/08\/pacifico_chico-e1660239453778.jpg 414w, https:\/\/quelites.geofisica.unam.mx\/wordpress\/wp-content\/uploads\/2022\/08\/pacifico_chico-e1660239453778-300x145.jpg 300w\" sizes=\"(max-width: 414px) 100vw, 414px\" alt=\"\" \/>\n                        <div class=\"h-image__frame h-hide-lg h-hide-md h-hide-sm style-715-frameImage style-local-70-c8-frameImage\"><\/div>\n                      <\/div>\n                      <div class=\"style-715-caption style-local-70-c8-caption\">\n                        Estaciones en el Oc\u00e9ano Pac\u00edfico\n                      <\/div>\n                    <\/a>\n                  <\/div>\n                <\/div>\n              <\/div>\n            <\/div>\n          <\/div>\n          <div class=\"h-column h-column-container d-flex h-col-lg-auto h-col-md-auto h-col-auto style-714-outer style-local-70-c9-outer\">\n            <div data-colibri-id=\"70-c9\" class=\"d-flex h-flex-basis h-column__inner h-px-lg-2 h-px-md-2 h-px-2 v-inner-lg-2 v-inner-md-2 v-inner-2 style-714 style-local-70-c9 position-relative\">\n              <!---->\n              <!---->\n              <div class=\"w-100 h-y-container h-column__content h-column__v-align flex-basis-100 align-self-lg-start align-self-md-start align-self-start\">\n                <!---->\n                <div data-colibri-id=\"70-c10\" class=\"d-block style-716 style-local-70-c10 position-relative h-element\">\n                  <!---->\n                  <div class=\"h-image__frame-container-outer\">\n                    <a href=\"http:\/\/www.mareografico.unam.mx\/portal\/index.php?page=Estaciones\" h-use-smooth-scroll=\"true\" class=\"image-link\">\n                      <div class=\"h-image__frame-container\">\n                        <!---->\n                        <!---->\n                        <img loading=\"lazy\" width=\"414\" height=\"200\" src=\"https:\/\/quelites.geofisica.unam.mx\/wordpress\/wp-content\/uploads\/2022\/08\/golfo_chico-e1660239409368.jpg\" class=\"wp-image-1246 style-716-image style-local-70-c10-image\" srcset=\"https:\/\/quelites.geofisica.unam.mx\/wordpress\/wp-content\/uploads\/2022\/08\/golfo_chico-e1660239409368.jpg 414w, https:\/\/quelites.geofisica.unam.mx\/wordpress\/wp-content\/uploads\/2022\/08\/golfo_chico-e1660239409368-300x145.jpg 300w\" sizes=\"(max-width: 414px) 100vw, 414px\" alt=\"\" \/>\n                        <div class=\"h-image__frame h-hide-lg h-hide-md h-hide-sm style-716-frameImage style-local-70-c10-frameImage\"><\/div>\n                      <\/div>\n                      <div class=\"style-716-caption style-local-70-c10-caption\">\n                        Estaciones en el Golfo de M\u00e9xico\n                      <\/div>\n                    <\/a>\n                  <\/div>\n                <\/div>\n              <\/div>\n            <\/div>\n          <\/div>\n        <\/div>\n      <\/div>\n    <\/div>\n  <\/div>\n  <div data-colibri-component=\"section\" data-colibri-id=\"70-c11\" id=\"reusable-sections\" class=\"h-section h-section-global-spacing d-flex align-items-lg-center align-items-md-center align-items-center style-717 style-local-70-c11 position-relative\">\n    <!---->\n    <!---->\n    <div class=\"h-section-grid-container h-section-boxed-container\">\n      <!---->\n      <div data-colibri-id=\"70-c12\" class=\"h-row-container gutters-row-lg-2 gutters-row-md-2 gutters-row-0 gutters-row-v-lg-2 gutters-row-v-md-2 gutters-row-v-2 style-718 style-local-70-c12 position-relative\">\n        <!---->\n        <div class=\"h-row justify-content-lg-center justify-content-md-center justify-content-center align-items-lg-stretch align-items-md-stretch align-items-stretch gutters-col-lg-2 gutters-col-md-2 gutters-col-0 gutters-col-v-lg-2 gutters-col-v-md-2 gutters-col-v-2\">\n          <!---->\n          <div class=\"h-column h-column-container d-flex h-col-lg-auto h-col-md-auto h-col-auto style-719-outer style-local-70-c13-outer\">\n            <div data-colibri-id=\"70-c13\" class=\"d-flex h-flex-basis h-column__inner h-px-lg-2 h-px-md-2 h-px-2 v-inner-lg-2 v-inner-md-2 v-inner-2 style-719 style-local-70-c13 position-relative\">\n              <!---->\n              <!---->\n              <div class=\"w-100 h-y-container h-column__content h-column__v-align flex-basis-100 align-self-lg-start align-self-md-start align-self-start\">\n                <!---->\n                <div data-colibri-id=\"70-c14\" class=\"d-block style-720 style-local-70-c14 position-relative h-element\">\n                  <!---->\n                  <div class=\"h-image__frame-container-outer\">\n                    <div class=\"h-image__frame-container\">\n                      <!---->\n                      <!---->\n                      <img loading=\"lazy\" width=\"201\" height=\"77\" src=\"https:\/\/quelites.geofisica.unam.mx\/wordpress\/wp-content\/uploads\/2022\/08\/dosLogosAzul.png\" class=\"wp-image-858 style-720-image style-local-70-c14-image\" alt=\"\" \/>\n                      <div class=\"h-image__frame h-hide-lg h-hide-md h-hide-sm style-720-frameImage style-local-70-c14-frameImage\"><\/div>\n                    <\/div>\n                  <\/div>\n                <\/div>\n                <div data-colibri-id=\"70-c15\" class=\"h-text h-text-component style-721 style-local-70-c15 position-relative h-element\">\n                  <!---->\n                  <!---->\n                  <div class=\"\">\n                    <p>Hecho en M\u00e9xico. Universidad Nacional Aut\u00f3noma de M\u00e9xico (UNAM). Todos los derechos reservados (2022). Esta p\u00e1gina y sus contenidos pueden ser reproducidos con fines no lucrativos, siempre y cuando no se mutile, se cite la fuente completa\n                      y su direcci\u00f3n electr\u00f3nica, de otra forma, se requiere permiso previo por escrito de la Instituci\u00f3n.<\/p>\n                  <\/div>\n                <\/div>\n              <\/div>\n            <\/div>\n          <\/div>\n          <div class=\"h-column h-column-container d-flex h-col-lg-auto h-col-md-auto h-col-auto style-722-outer style-local-70-c16-outer\">\n            <div data-colibri-id=\"70-c16\" class=\"d-flex h-flex-basis h-column__inner h-px-lg-2 h-px-md-2 h-px-2 v-inner-lg-2 v-inner-md-2 v-inner-2 style-722 style-local-70-c16 position-relative\">\n              <!---->\n              <!---->\n              <div class=\"w-100 h-y-container h-column__content h-column__v-align flex-basis-100 align-self-lg-start align-self-md-start align-self-start\">\n                <!---->\n                <div data-colibri-id=\"70-c17\" class=\"h-global-transition-all h-heading style-723 style-local-70-c17 position-relative h-element\">\n                  <!---->\n                  <div class=\"h-heading__outer style-723 style-local-70-c17\">\n                    <!---->\n                    <!---->\n                    <h5 class=\"\">Enlaces<\/h5>\n                  <\/div>\n                <\/div>\n                <div data-colibri-id=\"70-c18\" class=\"h-divider style-724 style-local-70-c18 position-relative h-element\">\n                  <!----><span class=\"h-divider__line style-724-line style-local-70-c18-line style-724-line style-local-70-c18-line\"><\/span><\/div>\n                <div data-colibri-id=\"70-c19\" class=\"icon-list d-flex justify-content-lg-center justify-content-md-center justify-content-center style-725 style-local-70-c19 position-relative h-element\">\n                  <!---->\n                  <ul class=\"ul-list-icon vertical-on-desktop vertical-on-tablet vertical-on-mobile justify-content-lg-center justify-content-md-center justify-content-center\">\n                    <!---->\n                    <li class=\"list-item no-gutters\">\n                      <!---->\n                      <div class=\"list-container-divider d-flex justify-content-lg-center justify-content-md-center justify-content-center first-el-spacer\"><\/div>\n                      <a href=\"https:\/\/www.geofisica.unam.mx\/igualdad\/\" target=\"_blank\" h-use-smooth-scroll=\"true\" class=\"item-link no-gutters\" rel=\"noopener\">\n                        <div class=\"d-flex h-col no-gutters align-items-lg-center align-items-md-center align-items-center list-item-text-wrapper\">\n                          <div class=\"d-flex\"><span class=\"h-svg-icon style-725-icon style-local-70-c19-icon\"><!--Icon by Font Awesome (https:\/\/fontawesome.com)--><svg version=\"1.1\" xmlns=\"http:\/\/www.w3.org\/2000\/svg\" xmlns:xlink=\"http:\/\/www.w3.org\/1999\/xlink\" id=\"check\" viewBox=\"0 0 1792 1896.0833\"><path d=\"M1671 566q0 40-28 68l-724 724-136 136q-28 28-68 28t-68-28l-136-136-362-362q-28-28-28-68t28-68l136-136q28-28 68-28t68 28l294 295 656-657q28-28 68-28t68 28l136 136q28 28 28 68z\"><\/path><\/svg><\/span><\/div>\n                          <span class=\"list-text d-block\"><span>Igualdad de g\u00e9nero<\/span><\/span>\n                        <\/div>\n                      <\/a>\n                      <div class=\"list-container-divider d-flex justify-content-lg-center justify-content-md-center justify-content-center\">\n                        <!---->\n                      <\/div>\n                    <\/li>\n                    <li class=\"list-item no-gutters\">\n                      <!---->\n                      <!---->\n                      <a href=\"http:\/\/www.transparencia.unam.mx\/\" target=\"_blank\" h-use-smooth-scroll=\"true\" class=\"item-link no-gutters\" rel=\"noopener\">\n                        <div class=\"d-flex h-col no-gutters align-items-lg-center align-items-md-center align-items-center list-item-text-wrapper\">\n                          <div class=\"d-flex\"><span class=\"h-svg-icon style-725-icon style-local-70-c19-icon\"><!--Icon by Font Awesome (https:\/\/fontawesome.com)--><svg version=\"1.1\" xmlns=\"http:\/\/www.w3.org\/2000\/svg\" xmlns:xlink=\"http:\/\/www.w3.org\/1999\/xlink\" id=\"check\" viewBox=\"0 0 1792 1896.0833\"><path d=\"M1671 566q0 40-28 68l-724 724-136 136q-28 28-68 28t-68-28l-136-136-362-362q-28-28-28-68t28-68l136-136q28-28 68-28t68 28l294 295 656-657q28-28 68-28t68 28l136 136q28 28 28 68z\"><\/path><\/svg><\/span><\/div>\n                          <span class=\"list-text d-block\"><span>Portal de Transparencia Universitaria<\/span><\/span>\n                        <\/div>\n                      <\/a>\n                      <div class=\"list-container-divider d-flex justify-content-lg-center justify-content-md-center justify-content-center\" style=\"display: none;\">\n                        <!---->\n                      <\/div>\n                      <div class=\"list-container-divider d-flex justify-content-lg-center justify-content-md-center justify-content-center last-el-spacer\"><\/div>\n                    <\/li>\n                  <\/ul>\n                <\/div>\n              <\/div>\n            <\/div>\n          <\/div>\n          <div class=\"h-column h-column-container d-flex h-col-lg-auto h-col-md-auto h-col-auto style-726-outer style-local-70-c20-outer\">\n            <div data-colibri-id=\"70-c20\" class=\"d-flex h-flex-basis h-column__inner h-px-lg-2 h-px-md-2 h-px-2 v-inner-lg-2 v-inner-md-2 v-inner-2 style-726 style-local-70-c20 position-relative\">\n              <!---->\n              <!---->\n              <div class=\"w-100 h-y-container h-column__content h-column__v-align flex-basis-100 align-self-lg-start align-self-md-start align-self-start\">\n                <!---->\n                <div data-colibri-id=\"70-c21\" class=\"h-global-transition-all h-heading style-727 style-local-70-c21 position-relative h-element\">\n                  <!---->\n                  <div class=\"h-heading__outer style-727 style-local-70-c21\">\n                    <!---->\n                    <!---->\n                    <h5 class=\"\">Solicitud de datos<\/h5>\n                  <\/div>\n                <\/div>\n                <div data-colibri-id=\"70-c22\" class=\"h-divider style-728 style-local-70-c22 position-relative h-element\">\n                  <!----><span class=\"h-divider__line style-728-line style-local-70-c22-line style-728-line style-local-70-c22-line\"><\/span><\/div>\n                <div data-colibri-id=\"70-c23\" class=\"h-text h-text-component style-729 style-local-70-c23 position-relative h-element\">\n                  <!---->\n                  <!---->\n                  <div class=\"\">\n                    <p>Si usted requiere datos del Servicio Mareogr\u00e1fico Nacional, favor de descargar y llenar el siguiente formato:\n                      <br>\n                    <\/p>\n                  <\/div>\n                <\/div>\n                <div data-colibri-id=\"70-c24\" class=\"h-x-container style-730 style-local-70-c24 position-relative h-element\">\n                  <!---->\n                  <div class=\"h-x-container-inner style-dynamic-70-c24-group style-730-spacing style-local-70-c24-spacing\"><span class=\"h-link__outer style-731-outer style-local-70-c25-outer d-inline-flex h-element\"><a h-use-smooth-scroll=\"true\" href=\"http:\/\/www.mareografico.unam.mx\/formato_solicitud_datos.pdf\" target=\"_blank\" data-colibri-id=\"70-c25\" class=\"d-flex w-100 align-items-center h-link style-731 style-local-70-c25 position-relative\" rel=\"noopener\"><!----><span  class=\"h-svg-icon h-link__icon style-731-icon style-local-70-c25-icon\"><!--Icon by Font Awesome (https:\/\/fontawesome.com)--><svg version=\"1.1\" xmlns=\"http:\/\/www.w3.org\/2000\/svg\" xmlns:xlink=\"http:\/\/www.w3.org\/1999\/xlink\" id=\"pencil-square-o\" viewBox=\"0 0 1792 1896.0833\"><path d=\"M888 1184l116-116-152-152-116 116v56h96v96h56zm440-720q-16-16-33 1L945 815q-17 17-1 33t33-1l350-350q17-17 1-33zm80 594v190q0 119-84.5 203.5T1120 1536H288q-119 0-203.5-84.5T0 1248V416q0-119 84.5-203.5T288 128h832q63 0 117 25 15 7 18 23 3 17-9 29l-49 49q-14 14-32 8-23-6-45-6H288q-66 0-113 47t-47 113v832q0 66 47 113t113 47h832q66 0 113-47t47-113v-126q0-13 9-22l64-64q15-15 35-7t20 29zm-96-738l288 288-672 672H640V992zm444 132l-92 92-288-288 92-92q28-28 68-28t68 28l152 152q28 28 28 68t-28 68z\"><\/path><\/svg><\/span>                    <span>SOLICITUD<\/span><\/a>\n                    <\/span>\n                  <\/div>\n                <\/div>\n                <div data-colibri-id=\"70-c26\" class=\"h-text h-text-component style-732 style-local-70-c26 position-relative h-element\">\n                  <!---->\n                  <!---->\n                  <div class=\"\">\n                    <p>Y enviarla de forma electr\u00f3nica a\n                      <br>\n                    <\/p>\n                  <\/div>\n                <\/div>\n                <div data-colibri-id=\"70-c27\" class=\"h-x-container style-733 style-local-70-c27 position-relative h-element\">\n                  <!---->\n                  <div class=\"h-x-container-inner style-dynamic-70-c27-group style-733-spacing style-local-70-c27-spacing\"><span class=\"h-link__outer style-734-outer style-local-70-c28-outer d-inline-flex h-element\"><a h-use-smooth-scroll=\"true\" href=\"mailto:solicitudessmn@igeofisica.unam.mx\"  data-colibri-id=\"70-c28\" class=\"d-flex w-100 align-items-center h-link style-734 style-local-70-c28 position-relative\"><!----><span  class=\"h-svg-icon h-link__icon style-734-icon style-local-70-c28-icon\"><!--Icon by Font Awesome (https:\/\/fontawesome.com)--><svg version=\"1.1\" xmlns=\"http:\/\/www.w3.org\/2000\/svg\" xmlns:xlink=\"http:\/\/www.w3.org\/1999\/xlink\" id=\"envelope-o\" viewBox=\"0 0 1792 1896.0833\"><path d=\"M1664 1504V736q-32 36-69 66-268 206-426 338-51 43-83 67t-86.5 48.5T897 1280h-2q-48 0-102.5-24.5T706 1207t-83-67q-158-132-426-338-37-30-69-66v768q0 13 9.5 22.5t22.5 9.5h1472q13 0 22.5-9.5t9.5-22.5zm0-1051v-24.5l-.5-13-3-12.5-5.5-9-9-7.5-14-2.5H160q-13 0-22.5 9.5T128 416q0 168 147 284 193 152 401 317 6 5 35 29.5t46 37.5 44.5 31.5T852 1143t43 9h2q20 0 43-9t50.5-27.5 44.5-31.5 46-37.5 35-29.5q208-165 401-317 54-43 100.5-115.5T1664 453zm128-37v1088q0 66-47 113t-113 47H160q-66 0-113-47T0 1504V416q0-66 47-113t113-47h1472q66 0 113 47t47 113z\"><\/path><\/svg><\/span>                    <span>solicitudessmn@igeofisica.unam.mx<\/span><\/a>\n                    <\/span>\n                  <\/div>\n                <\/div>\n              <\/div>\n            <\/div>\n          <\/div>\n        <\/div>\n      <\/div>\n      <div data-colibri-id=\"70-c29\" class=\"h-row-container gutters-row-lg-2 gutters-row-md-2 gutters-row-0 gutters-row-v-lg-2 gutters-row-v-md-2 gutters-row-v-2 style-735 style-local-70-c29 position-relative\">\n        <!---->\n        <div class=\"h-row justify-content-lg-center justify-content-md-center justify-content-center align-items-lg-stretch align-items-md-stretch align-items-stretch gutters-col-lg-2 gutters-col-md-2 gutters-col-0 gutters-col-v-lg-2 gutters-col-v-md-2 gutters-col-v-2\">\n          <!---->\n          <div class=\"h-column h-column-container d-flex h-col-lg-auto h-col-md-auto h-col-auto style-736-outer style-local-70-c30-outer\">\n            <div data-colibri-id=\"70-c30\" class=\"d-flex h-flex-basis h-column__inner h-px-lg-2 h-px-md-2 h-px-2 v-inner-lg-2 v-inner-md-2 v-inner-2 style-736 style-local-70-c30 position-relative\">\n              <!---->\n              <!---->\n              <div class=\"w-100 h-y-container h-column__content h-column__v-align flex-basis-100 align-self-lg-start align-self-md-start align-self-start\">\n                <!---->\n                <div data-colibri-id=\"70-c31\" class=\"h-x-container style-737 style-local-70-c31 position-relative h-element\">\n                  <!---->\n                  <div class=\"h-x-container-inner style-dynamic-70-c31-group style-737-spacing style-local-70-c31-spacing\"><span class=\"h-link__outer style-738-outer style-local-70-c32-outer d-inline-flex h-element\"><a h-use-smooth-scroll=\"true\" href=\"https:\/\/www.geofisica.unam.mx\/recursos\/docs\/IGEF_aviso_privacidad_20190802.pdf\" target=\"_blank\" data-colibri-id=\"70-c32\" class=\"d-flex w-100 align-items-center h-link style-738 style-local-70-c32 position-relative\" rel=\"noopener\"><!----><!----> <span>Aviso de privacidad<\/span><\/a>\n                    <\/span>\n                  <\/div>\n                <\/div>\n              <\/div>\n            <\/div>\n          <\/div>\n        <\/div>\n      <\/div>\n    <\/div>\n  <\/div>\n<\/div>","protected":false},"excerpt":{"rendered":"<p>Estaciones en el Oc\u00e9ano Pac\u00edfico Estaciones en el Golfo de M\u00e9xico Hecho en M\u00e9xico. Universidad Nacional Aut\u00f3noma de M\u00e9xico (UNAM). Todos los derechos reservados (2022). Esta p\u00e1gina y sus contenidos pueden ser reproducidos con fines no lucrativos, siempre y cuando no se mutile, se cite la fuente completa y su direcci\u00f3n electr\u00f3nica, de otra forma, [&hellip;]<\/p>\n","protected":false},"author":1,"featured_media":0,"parent":0,"menu_order":0,"comment_status":"closed","ping_status":"closed","template":"page-templates\/full-width-page.php","meta":[],"_links":{"self":[{"href":"https:\/\/quelites.geofisica.unam.mx\/wordpress\/index.php\/wp-json\/wp\/v2\/pages\/70"}],"collection":[{"href":"https:\/\/quelites.geofisica.unam.mx\/wordpress\/index.php\/wp-json\/wp\/v2\/pages"}],"about":[{"href":"https:\/\/quelites.geofisica.unam.mx\/wordpress\/index.php\/wp-json\/wp\/v2\/types\/page"}],"author":[{"embeddable":true,"href":"https:\/\/quelites.geofisica.unam.mx\/wordpress\/index.php\/wp-json\/wp\/v2\/users\/1"}],"replies":[{"embeddable":true,"href":"https:\/\/quelites.geofisica.unam.mx\/wordpress\/index.php\/wp-json\/wp\/v2\/comments?post=70"}],"version-history":[{"count":9,"href":"https:\/\/quelites.geofisica.unam.mx\/wordpress\/index.php\/wp-json\/wp\/v2\/pages\/70\/revisions"}],"predecessor-version":[{"id":1640,"href":"https:\/\/quelites.geofisica.unam.mx\/wordpress\/index.php\/wp-json\/wp\/v2\/pages\/70\/revisions\/1640"}],"wp:attachment":[{"href":"https:\/\/quelites.geofisica.unam.mx\/wordpress\/index.php\/wp-json\/wp\/v2\/media?parent=70"}],"curies":[{"name":"wp","href":"https:\/\/api.w.org\/{rel}","templated":true}]}}