{"id":67,"date":"2022-07-27T11:01:31","date_gmt":"2022-07-27T16:01:31","guid":{"rendered":"https:\/\/quelites.geofisica.unam.mx\/wordpress\/?page_id=67"},"modified":"2022-08-01T11:36:03","modified_gmt":"2022-08-01T16:36:03","slug":"reportes","status":"publish","type":"page","link":"https:\/\/quelites.geofisica.unam.mx\/wordpress\/index.php\/reportes\/","title":{"rendered":"Reportes"},"content":{"rendered":"\n<p><a rel=\"noreferrer noopener\" href=\"http:\/\/www.mareografico.unam.mx\/portal\/docu\/Pdfs\/2022_06_06_DEPRESION_TROPICAL_ALEX.pdf\" target=\"_blank\">06\/06\/2022: Registro en las estaciones del Servicio Mareogr\u00e1fico Nacional de las variaciones en el nivel del mar causadas por el Potencial Cicl\u00f3n Tropical \u201cUNO\u201d (posteriormente Tormenta Tropical Alex) del 30 de mayo al 5 de junio de 2022.<\/a><\/p>\n\n\n\n<p><a rel=\"noreferrer noopener\" href=\"http:\/\/www.mareografico.unam.mx\/portal\/docu\/Pdfs\/2022_05_31_HURACAN_AGATHA.pdf\" target=\"_blank\">31\/05\/2022: Registro en las estaciones del Servicio Mareogr\u00e1fico Nacional de la marea de tormenta producida por el hurac\u00e1n Agatha del 29 al 31 de mayo de 2022.<\/a><\/p>\n\n\n\n<p><a rel=\"noreferrer noopener\" href=\"http:\/\/www.mareografico.unam.mx\/portal\/docu\/Pdfs\/2022_05_26_TSUNAMI_OAXACA.pdf\" target=\"_blank\">26\/05\/2022: Registro en las estaciones del Servicio Mareogr\u00e1fico Nacional del tsunami producido por el sismo de magnitud 5.5 ocurrido en Oaxaca.<\/a><\/p>\n\n\n\n<p><a rel=\"noreferrer noopener\" href=\"http:\/\/www.mareografico.unam.mx\/portal\/docu\/Pdfs\/2022_01_15_REPORTE_PRELIMINAR_TSUNAMI_TONGA.pdf\" target=\"_blank\">15\/01\/2022: Reporte preliminar: Registro en costas del Pac\u00edfico mexicano del tsunami producido por la erupci\u00f3n del volc\u00e1n marino Hunga Tonga-Hunga Ha\u00b4apai.<\/a><\/p>\n\n\n\n<p><a rel=\"noreferrer noopener\" href=\"http:\/\/www.mareografico.unam.mx\/portal\/docu\/Pdfs\/2021_10_26_REPORTE_HURACAN_RICK.pdf\" target=\"_blank\">26\/10\/2021: Registro de la marea de tormenta producida por el hurac\u00e1n Rick del 23 al 26 de octubre de 2021.<\/a><\/p>\n\n\n\n<p><a rel=\"noreferrer noopener\" href=\"http:\/\/www.mareografico.unam.mx\/portal\/docu\/Pdfs\/2021_09_08_REPORTE_PRELIMINAR_TSUNAMI_ACAPULCO.pdf\" target=\"_blank\">08\/09\/2021: Reporte preliminar: registro en las estaciones del Servicio Mareogr\u00e1fico Nacional del tsunami producido por el sismo de magnitud 7.1 ocurrido en Acapulco, Guerrero.<\/a><\/p>\n\n\n\n<p><a rel=\"noreferrer noopener\" href=\"http:\/\/www.mareografico.unam.mx\/portal\/docu\/Pdfs\/2021_08_31_REPORTE_HURACAN_NORA.pdf\" target=\"_blank\">31\/08\/2021: Reporte de las variaciones del nivel del mar provocadas por el hurac\u00e1n Nora.<\/a><\/p>\n\n\n\n<p><a rel=\"noreferrer noopener\" href=\"http:\/\/www.mareografico.unam.mx\/portal\/docu\/Pdfs\/2021_08_24_REPORTE_HURACAN_GRACE.pdf\" target=\"_blank\">24\/08\/2021: Reporte de las variaciones del nivel del mar provocadas por el hurac\u00e1n Grace.<\/a><\/p>\n\n\n\n<p><a rel=\"noreferrer noopener\" href=\"http:\/\/www.mareografico.unam.mx\/portal\/docu\/Pdfs\/2021_08_15_REPORTE_TSUNAMI_HAITI.pdf\" target=\"_blank\">15\/08\/2021: Reporte del tsunami producido por el sismo ocurrido en la regi\u00f3n de Hait\u00ed el 14 de agosto de 2021.<\/a><\/p>\n\n\n\n<p><a rel=\"noreferrer noopener\" href=\"http:\/\/www.mareografico.unam.mx\/portal\/docu\/Pdfs\/2021_03_09_REPORTE_FRENTES_FRIOS_39_40.pdf\" target=\"_blank\">09\/03\/2021: Registro de variaciones del nivel del mar asociadas a los Frentes Fr\u00edos n\u00famero 39 y 40.<\/a><\/p>\n\n\n\n<p><a rel=\"noreferrer noopener\" href=\"http:\/\/www.mareografico.unam.mx\/portal\/docu\/Pdfs\/2021_03_06_REPORTE_FINAL_TSUNAMI_KERMADEC.pdf\" target=\"_blank\">06\/03\/2021: Reporte final del tsunami producido por el sismo de magnitud 8.1 ocurrido al norte de Nueva Zelanda.<\/a><\/p>\n\n\n\n<p><a rel=\"noreferrer noopener\" href=\"http:\/\/www.mareografico.unam.mx\/portal\/docu\/Pdfs\/2021_03_05_REPORTE_TSUNAMI_NUEVA_ZELANDA.pdf\" target=\"_blank\">05\/03\/2021: Reporte del tsunami producido por el sismo de magnitud 8.1 ocurrido al norte de Nueva Zelanda.<\/a><\/p>\n\n\n\n<p><a rel=\"noreferrer noopener\" href=\"http:\/\/www.mareografico.unam.mx\/portal\/docu\/Pdfs\/2021_01_21_REPORTE_FRENTES_26_27.pdf\" target=\"_blank\">21\/01\/2021: Registro de variaciones del nivel del mar asociadas a los Frente Fr\u00edos n\u00famero 26 y 27.<\/a><\/p>\n\n\n\n<p><a rel=\"noreferrer noopener\" href=\"http:\/\/www.mareografico.unam.mx\/portal\/docu\/Pdfs\/2020_12_29_REPORTE_FRENTE_23.pdf\" target=\"_blank\">29\/12\/2020: Registro de variaciones del nivel del mar asociadas al Frente Fr\u00edo n\u00famero 23.<\/a><\/p>\n\n\n\n<p><a rel=\"noreferrer noopener\" href=\"http:\/\/www.mareografico.unam.mx\/portal\/docu\/Pdfs\/2020_11_10_REPORTE_FRENTES_9_11.pdf\" target=\"_blank\">10\/11\/2020: Registro de variaciones del nivel del mar en el estado de Tabasco asociadas a los Frentes Fr\u00edos 9, 11 y el cicl\u00f3n tropical Eta.<\/a><\/p>\n\n\n\n<p><a rel=\"noreferrer noopener\" href=\"http:\/\/www.mareografico.unam.mx\/portal\/docu\/Pdfs\/2020_11_03_REPORTE_TRIMESTRAL_EVENTOS_MENORES_JULIO_SEPTIEMBRE_2020.pdf\" target=\"_blank\">03\/11\/2020: Reporte trimestral de eventos menores, trimestre julio &#8211; septiembre de 2020.<\/a><\/p>\n\n\n\n<p><a rel=\"noreferrer noopener\" href=\"http:\/\/www.mareografico.unam.mx\/portal\/docu\/Pdfs\/2020_10_28_REPORTE_HURACAN_ZETA.pdf\" target=\"_blank\">28\/10\/2020: Registro de variaciones en el nivel del mar asociadas al hurac\u00e1n Zeta.<\/a><\/p>\n\n\n\n<p><a rel=\"noreferrer noopener\" href=\"http:\/\/www.mareografico.unam.mx\/portal\/docu\/Pdfs\/2020_10_08_REPORTE_HURACAN_DELTA.pdf\" target=\"_blank\">08\/10\/2020: Registro de variaciones en el nivel del mar asociadas al hurac\u00e1n Delta.<\/a><\/p>\n\n\n\n<p><a rel=\"noreferrer noopener\" href=\"http:\/\/www.mareografico.unam.mx\/portal\/docu\/Pdfs\/2020_10_06_REPORTE_TROMENTA_GAMMA.pdf\" target=\"_blank\">06\/10\/2020: Registro de variaciones en el nivel del mar asociadas a la tormenta tropical Gamma.<\/a><\/p>\n\n\n\n<p><a rel=\"noreferrer noopener\" href=\"http:\/\/www.mareografico.unam.mx\/portal\/docu\/Pdfs\/2020_10_01_REPORTE_FRENTE_FRIO_NUM_4.pdf\" target=\"_blank\">01\/10\/2020: Registro de variaciones en el nivel del mar asociadas al Frente Fr\u00edo n\u00famero 4.<\/a><\/p>\n\n\n\n<p><a rel=\"noreferrer noopener\" href=\"http:\/\/www.mareografico.unam.mx\/portal\/docu\/Pdfs\/Reporte_Servicio_Mareografico_23_junio_2020.pdf\" target=\"_blank\">23\/06\/2020: Reporte del tsunami producido por el sismo de magnitud 7.5 ocurrido al sureste de Crucecita, Oaxaca.<\/a><\/p>\n\n\n\n<p><a rel=\"noreferrer noopener\" href=\"http:\/\/www.mareografico.unam.mx\/portal\/docu\/Pdfs\/2020_01_28_REPORTE_001.pdf\" target=\"_blank\">28\/01\/2020: Reporte del tsunami producido por el sismo de magnitud 7.7 ocurrido al noroeste de Lucea, Jamaica.<\/a><\/p>\n\n\n\n<p><a rel=\"noreferrer noopener\" href=\"http:\/\/www.mareografico.unam.mx\/portal\/docu\/Pdfs\/2019-11-11_REPORTE_001.pdf\" target=\"_blank\">11\/11\/2019: Reporte ante las noticias de la posible llegada de un tsunami a costas del Pac\u00edfico.<\/a><\/p>\n\n\n\n<p><a rel=\"noreferrer noopener\" href=\"http:\/\/www.mareografico.unam.mx\/portal\/docu\/Pdfs\/geonoticias-215.pdf\" target=\"_blank\">01\/04\/2019: Art\u00edculo &#8220;Actualizaci\u00f3n de equipos de transmisi\u00f3n satelital del Servicio Mareogr\u00e1fico Nacional y Registro de las variaciones del nivel del mar en las estaciones del Servicio Mareogr\u00e1fico Nacional causadas por el Frente Fr\u00edo n\u00famero 49&#8221; Geonoticias del Instituto de Geof\u00edsica, UNAM.<\/a><\/p>\n\n\n\n<p><a rel=\"noreferrer noopener\" href=\"http:\/\/www.mareografico.unam.mx\/portal\/docu\/Pdfs\/2019-02-18_REPORTE03.pdf\" target=\"_blank\">22\/02\/2019: Seguimiento del bolet\u00edn sobre la disminuci\u00f3n del nivel del mar en costas mexicanas que fue reportada por diversos medios de comunicaci\u00f3n entre el 15 y 18 de febrero.<\/a><\/p>\n\n\n\n<p><a rel=\"noreferrer noopener\" href=\"http:\/\/www.mareografico.unam.mx\/portal\/docu\/Pdfs\/2019-02-18_REPORTE01.pdf\" target=\"_blank\">18\/02\/2019: Bolet\u00edn sobre la disminuci\u00f3n del nivel del mar en costas mexicanas que fue reportada por diversos medios de comunicaci\u00f3n entre el 15 y 18 de febrero.<\/a><\/p>\n\n\n\n<p><a rel=\"noreferrer noopener\" href=\"http:\/\/www.mareografico.unam.mx\/portal\/docu\/Pdfs\/geonoticias-214.pdf\" target=\"_blank\">01\/02\/2019: Articulo &#8220;Servicio Mareogr\u00e1fico Nacional. Variaciones del nivel del mar 15-20 febrero&#8221; Geonoticias del Instituto de Geof\u00edsica, UNAM.<\/a><\/p>\n\n\n\n<p><a rel=\"noreferrer noopener\" href=\"http:\/\/www.mareografico.unam.mx\/portal\/docu\/Pdfs\/geonoticias-213.pdf\" target=\"_blank\">01\/12\/2018: Art\u00edculo &#8220;Actualizaci\u00f3n y ampliaci\u00f3n de la base de datos con control de calidad del Servicio Mareogr\u00e1fico Nacional&#8221; Geonoticias del Instituto de Geof\u00edsica, UNAM.<\/a><\/p>\n\n\n\n<p><a rel=\"noreferrer noopener\" href=\"http:\/\/www.mareografico.unam.mx\/portal\/docu\/Pdfs\/2018-02-16_REPORTE01_TSUNAMI.pdf\" target=\"_blank\">16\/02\/2018: Reporte del tsunami producido por el sismo del 16 de febrero de 2018 ocurrido frente en Pinotepa Nacional, Oaxaca.<\/a><\/p>\n\n\n\n<p><a rel=\"noreferrer noopener\" href=\"http:\/\/www.mareografico.unam.mx\/portal\/docu\/Pdfs\/Reporte_tsunami_honduras_2018_01_10.pdf\" target=\"_blank\">10\/01\/2018: Reporte del tsunami producido por el sismo del 10 de enero de 2018 ocurrido frente a la costa norte de Honduras.<\/a><\/p>\n\n\n\n<p><a rel=\"noreferrer noopener\" href=\"http:\/\/www.mareografico.unam.mx\/portal\/docu\/Pdfs\/Reporte_tsunami_Pijijiapan_2017_09_08.pdf\" target=\"_blank\">08\/09\/2017: Reporte del tsunami producido por el sismo del 7 de septiembre de 2017 en Pijijiapan, Chiapas.<\/a><\/p>\n\n\n\n<p><a rel=\"noreferrer noopener\" href=\"http:\/\/www.mareografico.unam.mx\/portal\/docu\/Pdfs\/reporte_huracan_patricia_SMN.pdf\" target=\"_blank\">17\/11\/2015: Perturbaciones del nivel del mar asociadas al hurac\u00e1n Patricia, M\u00e9xico.<\/a><\/p>\n\n\n\n<p><a rel=\"noreferrer noopener\" href=\"http:\/\/www.mareografico.unam.mx\/portal\/docu\/Pdfs\/TSUNAMI CHILE_SMN.pdf\" target=\"_blank\">13\/10\/2015: Registro en las estaciones del Servicio Mareogr\u00e1fico Nacional del tsunami producido por el sismo del 16 de Septiembre de 2015 en Illapel, Chile.<\/a><\/p>\n\n\n\n<p><a rel=\"noreferrer noopener\" href=\"http:\/\/www.mareografico.unam.mx\/portal\/docu\/Pdfs\/TSUNAMI CHILE_SMN.pdf\" target=\"_blank\">18\/09\/2015: Reporte del tsunami producido por el sismo del 16 de Septiembre de 2015 en Illapel, Chile.<\/a><\/p>\n\n\n\n<p><a rel=\"noreferrer noopener\" href=\"http:\/\/www.mareografico.unam.mx\/portal\/docu\/Pdfs\/REPORTE 18042014.pdf\" target=\"_blank\">01\/12\/2014: Registro del tsunami producido por el sismo del 18 de Abril de 2014 en el estado de Guerrero, en las estaciones del SMN.<\/a><\/p>\n\n\n\n<p><a rel=\"noreferrer noopener\" href=\"http:\/\/www.mareografico.unam.mx\/portal\/docu\/Pdfs\/1_04_2014.pdf\" target=\"_blank\">01\/12\/2014: Registro del tsunami producido por el sismo del 1 de Abril de 2014 en Iquique, Chile, en las estaciones del SMN.<\/a><\/p>\n\n\n\n<p><a rel=\"noreferrer noopener\" href=\"http:\/\/www.mareografico.unam.mx\/portal\/docu\/Pdfs\/registro de guatemala\" target=\"_blank\">01\/12\/2014: Registro de variaciones del nivel del mar en las estaciones del SMN causadas por el sismo del 7 de Noviembre del 2012 cerca de la frontera entre M\u00e9xico y Guatemala.<\/a><\/p>\n\n\n\n<p><a rel=\"noreferrer noopener\" href=\"http:\/\/www.mareografico.unam.mx\/portal\/docu\/Pdfs\/2014_11_27\" target=\"_blank\">28\/11\/2014: Registro de variaciones del nivel del mar en las estaciones del Servicio Mareogr\u00e1fico causada por el Frente Fr\u00edo No. 14.<\/a><\/p>\n\n\n\n<p><a rel=\"noreferrer noopener\" href=\"http:\/\/www.mareografico.unam.mx\/portal\/docu\/Pdfs\/Gaceta_UGM_16_2014.pdf\" target=\"_blank\">16\/05\/2014: Art\u00edculo &#8220;Tsunamis generados por los sismos de Iquique, Chile y Petatl\u00e1n, Gro., M\u00e9x: Observaciones en el Servicio Mareogr\u00e1fico Nacional&#8221; , Gaceta de la uni\u00f3n geof\u00edsica mexicana A.C.<\/a><\/p>\n\n\n\n<p><a rel=\"noreferrer noopener\" href=\"http:\/\/www.mareografico.unam.mx\/portal\/docu\/Pdfs\/poster_tsunamichile01042014_version3.pdf\" target=\"_blank\">07\/04\/2014: Registro en las estaciones del SMN del Tsunami de Chile (02\/04\/2014).<\/a><\/p>\n\n\n\n<p><a rel=\"noreferrer noopener\" href=\"http:\/\/www.mareografico.unam.mx\/portal\/docu\/Pdfs\/poster_tsunamiguerrero 18-04-2014 FINAL\" target=\"_blank\">23\/04\/2014: Registro en las estaciones de SMN del Tsunami de Petatl\u00e1n (18\/04\/2014), Gro. M\u00e9xico.<\/a><\/p>\n\n\n\n<p><a rel=\"noreferrer noopener\" href=\"http:\/\/www.mareografico.unam.mx\/portal\/docu\/Pdfs\/Lazaro_evento_4.pdf\" target=\"_blank\">26\/04\/2013: Registro de variaciones del nivel del mar en la estaci\u00f3n de L\u00e1zaro C\u00e1rdenas del SMN causada por el sismo del 21 de Abril del 2013 en Guacamayas, M\u00e9xico.<\/a><\/p>\n\n\n\n<p><a rel=\"noreferrer noopener\" href=\"http:\/\/www.mareografico.unam.mx\/portal\/docu\/Pdfs\/HISTORICO_MAREOGRAFICO_GACETA.pdf\" target=\"_blank\">31\/01\/2013: Art\u00edculo &#8220;Celebra 60 a\u00f1os el Servicio Mareogr\u00e1fico Nacional&#8221;, Gaceta Unam.<\/a><\/p>\n\n\n\n<p><a rel=\"noreferrer noopener\" href=\"http:\/\/www.mareografico.unam.mx\/portal\/docu\/Pdfs\/POSTER_SMN_2012\" target=\"_blank\">09\/11\/2012: P\u00f3ster Servicio Mareogr\u00e1fico Nacional 2012.<\/a><\/p>\n\n\n\n<p><a rel=\"noreferrer noopener\" href=\"http:\/\/www.mareografico.unam.mx\/portal\/docu\/Pdfs\/2012-11-07_REPORTE01_TSUNAMI.pdf\" target=\"_blank\">07\/11\/2012: Reporte del tsunami generado por el sismo ocurrido en la frontera M\u00e9xico &#8211; Guatemala.<\/a><\/p>\n\n\n\n<p><a rel=\"noreferrer noopener\" href=\"http:\/\/www.mareografico.unam.mx\/portal\/docu\/Pdfs\/2012-03-20_REPORTE01_TSUNAMI.pdf\" target=\"_blank\">20\/03\/2012: Reporte del tsunami generado por el sismo ocurrido en Ometepec, Guerrero.<\/a><\/p>\n\n\n\n<p><a rel=\"noreferrer noopener\" href=\"http:\/\/www.mareografico.unam.mx\/portal\/docu\/Pdfs\/REPORTE03_TSUNAMI_11-03-2011.pdf\" target=\"_blank\">09\/11\/2011: Registro del Tsunami originado por el sismo de Jap\u00f3n del d\u00eda 11 de marzo de 2011 en las estaciones del SMN.<\/a><\/p>\n\n\n\n<p><a rel=\"noreferrer noopener\" href=\"http:\/\/www.mareografico.unam.mx\/portal\/docu\/Pdfs\/2011-03-25_REPORTE03_TSUNAMI.pdf\" target=\"_blank\">25\/03\/2011: Tercer reporte del tsunami generado por el sismo ocurrido en la costa de Honshu, Jap\u00f3n.<\/a><\/p>\n\n\n\n<p><a rel=\"noreferrer noopener\" href=\"http:\/\/www.mareografico.unam.mx\/portal\/docu\/Pdfs\/2011-03-11_REPORTE02_TSUNAMI.pdf\" target=\"_blank\">11\/03\/2011: Segundo reporte del tsunami generado por el sismo ocurrido en la costa de Honshu, Jap\u00f3n.<\/a><\/p>\n\n\n\n<p><a rel=\"noreferrer noopener\" href=\"http:\/\/www.mareografico.unam.mx\/portal\/docu\/Pdfs\/2011-03-11_REPORTE01_TSUNAMI.pdf\" target=\"_blank\">11\/03\/2011: Reporte del tsunami generado por el sismo ocurrido en la costa de Honshu, Jap\u00f3n.<\/a><\/p>\n\n\n\n<p><a rel=\"noreferrer noopener\" href=\"http:\/\/www.mareografico.unam.mx\/portal\/docu\/Pdfs\/2010-02-27_REPORTE01_TSUNAMI.pdf\" target=\"_blank\">27\/02\/2010: Efectos del tsunami de Chile registrados en M\u00e9xico.<\/a><\/p>\n\n\n\n<p><a rel=\"noreferrer noopener\" href=\"http:\/\/www.mareografico.unam.mx\/portal\/docu\/Pdfs\/2009-11-10_REPORTE01_MAREA_TORMENTA.pdf\" target=\"_blank\">10\/11\/2009: Reporte de la marea de tormenta registrada en la estaci\u00f3n de Puerto Morelos, asociada al hurac\u00e1n Ida.<\/a><\/p>\n\n\n\n<p><a rel=\"noreferrer noopener\" href=\"http:\/\/www.mareografico.unam.mx\/portal\/docu\/Pdfs\/2009-09-30_REPORTE01_TSUNAMI.pdf\" target=\"_blank\">30\/09\/2009: Efectos del tsunami de Sumatra registrados en M\u00e9xico.<\/a><\/p>\n","protected":false},"excerpt":{"rendered":"<p>06\/06\/2022: Registro en las estaciones del Servicio Mareogr\u00e1fico Nacional de las variaciones en el nivel del mar causadas por el Potencial Cicl\u00f3n Tropical \u201cUNO\u201d (posteriormente Tormenta Tropical Alex) del 30 de mayo al 5 de junio de 2022. 31\/05\/2022: Registro en las estaciones del Servicio Mareogr\u00e1fico Nacional de la marea de tormenta producida por el [&hellip;]<\/p>\n","protected":false},"author":1,"featured_media":0,"parent":0,"menu_order":0,"comment_status":"closed","ping_status":"closed","template":"","meta":[],"_links":{"self":[{"href":"https:\/\/quelites.geofisica.unam.mx\/wordpress\/index.php\/wp-json\/wp\/v2\/pages\/67"}],"collection":[{"href":"https:\/\/quelites.geofisica.unam.mx\/wordpress\/index.php\/wp-json\/wp\/v2\/pages"}],"about":[{"href":"https:\/\/quelites.geofisica.unam.mx\/wordpress\/index.php\/wp-json\/wp\/v2\/types\/page"}],"author":[{"embeddable":true,"href":"https:\/\/quelites.geofisica.unam.mx\/wordpress\/index.php\/wp-json\/wp\/v2\/users\/1"}],"replies":[{"embeddable":true,"href":"https:\/\/quelites.geofisica.unam.mx\/wordpress\/index.php\/wp-json\/wp\/v2\/comments?post=67"}],"version-history":[{"count":2,"href":"https:\/\/quelites.geofisica.unam.mx\/wordpress\/index.php\/wp-json\/wp\/v2\/pages\/67\/revisions"}],"predecessor-version":[{"id":69,"href":"https:\/\/quelites.geofisica.unam.mx\/wordpress\/index.php\/wp-json\/wp\/v2\/pages\/67\/revisions\/69"}],"wp:attachment":[{"href":"https:\/\/quelites.geofisica.unam.mx\/wordpress\/index.php\/wp-json\/wp\/v2\/media?parent=67"}],"curies":[{"name":"wp","href":"https:\/\/api.w.org\/{rel}","templated":true}]}}