{"id":470,"date":"2022-08-08T14:09:13","date_gmt":"2022-08-08T19:09:13","guid":{"rendered":"https:\/\/quelites.geofisica.unam.mx\/wordpress\/?page_id=470"},"modified":"2022-09-22T14:30:50","modified_gmt":"2022-09-22T19:30:50","slug":"inicio","status":"publish","type":"page","link":"https:\/\/quelites.geofisica.unam.mx\/wordpress\/","title":{"rendered":"Inicio"},"content":{"rendered":"<div data-colibri-id=\"470-c1\" class=\"style-221 style-local-470-c1 position-relative\">\n  <!---->\n  <div data-colibri-component=\"section\" data-colibri-id=\"470-c2\" id=\"cta\" class=\"h-section h-section-global-spacing d-flex align-items-lg-center align-items-md-center align-items-center style-1177 style-local-470-c2 position-relative\">\n    <!---->\n    <!---->\n    <div class=\"h-section-grid-container h-section-boxed-container\">\n      <div data-colibri-id=\"470-c7\" class=\"h-row-container gutters-row-lg-2 gutters-row-md-2 gutters-row-0 gutters-row-v-lg-2 gutters-row-v-md-2 gutters-row-v-2 style-1184 style-local-470-c7 position-relative\">\n        <!---->\n        <div class=\"h-row justify-content-lg-center justify-content-md-center justify-content-center align-items-lg-stretch align-items-md-stretch align-items-stretch gutters-col-lg-2 gutters-col-md-2 gutters-col-0 gutters-col-v-lg-2 gutters-col-v-md-2 gutters-col-v-2\">\n          <!---->\n          <div class=\"h-column h-column-container d-flex h-col-lg-auto h-col-md-auto h-col-auto style-1185-outer style-local-470-c8-outer\">\n            <div data-colibri-id=\"470-c8\" class=\"d-flex h-flex-basis h-column__inner h-px-lg-2 h-px-md-2 h-px-2 v-inner-lg-2 v-inner-md-2 v-inner-2 style-1185 style-local-470-c8 position-relative\">\n              <!---->\n              <!---->\n              <div class=\"w-100 h-y-container h-column__content h-column__v-align flex-basis-100 align-self-lg-start align-self-md-start align-self-start\">\n                <!---->\n                <div data-colibri-id=\"470-c9\" class=\"h-global-transition-all h-heading style-1186 style-local-470-c9 position-relative h-element\">\n                  <!---->\n                  <div class=\"h-heading__outer style-1186 style-local-470-c9\">\n                    <!---->\n                    <!---->\n                    <h2 class=\"\">22\/09\/2022 Bolet\u00edn R\u00e1pido<\/h2>\n                  <\/div>\n                <\/div>\n                <div data-colibri-id=\"470-c10\" class=\"h-text h-text-component style-1187 style-local-470-c10 position-relative h-element\">\n                  <!---->\n                  <!---->\n                  <div class=\"\">\n                    <p>M\u00ednimas perturbaciones registradas en las estaciones del Servicio Mareogr\u00e1fico Nacional debido al sismo de magnitud 6.9 ocurrido el 22 de septiembre de 2022 de magnitud 6.9.<\/p>\n                  <\/div>\n                <\/div>\n              <\/div>\n            <\/div>\n          <\/div>\n        <\/div>\n      <\/div>\n      <div data-colibri-id=\"470-c3\" class=\"h-row-container gutters-row-lg-2 gutters-row-md-2 gutters-row-0 gutters-row-v-lg-2 gutters-row-v-md-2 gutters-row-v-2 style-1178 style-local-470-c3 position-relative\">\n        <!---->\n        <div class=\"h-row justify-content-lg-center justify-content-md-center justify-content-center align-items-lg-stretch align-items-md-stretch align-items-stretch gutters-col-lg-2 gutters-col-md-2 gutters-col-0 gutters-col-v-lg-2 gutters-col-v-md-2 gutters-col-v-2\">\n          <!---->\n          <div class=\"h-column h-column-container d-flex h-col-lg-auto h-col-md-auto h-col-auto style-1181-outer style-local-470-c4-outer\">\n            <div data-colibri-id=\"470-c4\" class=\"d-flex h-flex-basis h-column__inner h-px-lg-0 h-px-md-0 h-px-2 v-inner-lg-0 v-inner-md-0 v-inner-2 style-1181 style-local-470-c4 position-relative\">\n              <!---->\n              <!---->\n              <div class=\"w-100 h-y-container h-column__content h-column__v-align flex-basis-auto align-self-lg-center align-self-md-center align-self-center\">\n                <!---->\n                <div data-colibri-id=\"470-c5\" class=\"h-x-container style-1182 style-local-470-c5 position-relative h-element\">\n                  <!---->\n                  <div class=\"h-x-container-inner style-dynamic-470-c5-group style-1182-spacing style-local-470-c5-spacing\"><span class=\"h-button__outer style-1183-outer style-local-470-c6-outer d-inline-flex h-element\"><a h-use-smooth-scroll=\"true\" href=\"https:\/\/chalchiuhtlicue.geofisica.unam.mx\/wp-content\/uploads\/2022\/09\/2022-09-22_boletin_perturbaciones_sismo_magnitud_6_9.pdf\" target=\"_blank\" data-colibri-id=\"470-c6\" class=\"d-flex w-100 align-items-center h-button justify-content-lg-center justify-content-md-center justify-content-center style-1183 style-local-470-c6 position-relative\" rel=\"noopener\"><!----><!----> <span>Ver reporte<\/span><\/a>\n                    <\/span>\n                  <\/div>\n                <\/div>\n              <\/div>\n            <\/div>\n          <\/div>\n        <\/div>\n      <\/div>\n    <\/div>\n  <\/div>\n  <div data-colibri-component=\"section\" data-colibri-id=\"470-c26\" id=\"contenido\" class=\"h-section h-section-global-spacing d-flex align-items-lg-center align-items-md-center align-items-center style-228 style-local-470-c26 position-relative\">\n    <!---->\n    <!---->\n    <div class=\"h-section-grid-container h-section-boxed-container\">\n      <!---->\n      <div data-colibri-id=\"470-c27\" class=\"h-row-container gutters-row-lg-2 gutters-row-md-2 gutters-row-2 gutters-row-v-lg-2 gutters-row-v-md-2 gutters-row-v-2 style-229 style-local-470-c27 position-relative\">\n        <!---->\n        <div class=\"h-row justify-content-lg-center justify-content-md-center justify-content-center align-items-lg-stretch align-items-md-stretch align-items-stretch gutters-col-lg-2 gutters-col-md-2 gutters-col-2 gutters-col-v-lg-2 gutters-col-v-md-2 gutters-col-v-2\">\n          <!---->\n          <div class=\"h-column h-column-container d-flex h-col-lg-auto h-col-md-auto h-col-auto style-230-outer style-local-470-c28-outer\">\n            <div data-colibri-id=\"470-c28\" class=\"d-flex h-flex-basis h-column__inner h-px-lg-0 h-px-md-2 h-px-0 v-inner-lg-0 v-inner-md-2 v-inner-0 style-230 style-local-470-c28 position-relative\">\n              <!---->\n              <!---->\n              <div class=\"w-100 h-y-container h-column__content h-column__v-align flex-basis-100 align-self-lg-center align-self-md-center align-self-center\">\n                <!---->\n                <div data-colibri-id=\"470-c29\" class=\"d-block style-231 style-local-470-c29 position-relative h-element\">\n                  <!---->\n                  <div class=\"h-image__frame-container-outer\">\n                    <div class=\"h-image__frame-container\">\n                      <!---->\n                      <!---->\n                      <img loading=\"lazy\" width=\"2560\" height=\"1871\" src=\"https:\/\/quelites.geofisica.unam.mx\/wordpress\/wp-content\/uploads\/2022\/07\/tuxpan3000001-scaled.jpg\" class=\"wp-image-186 style-231-image style-local-470-c29-image\" srcset=\"https:\/\/quelites.geofisica.unam.mx\/wordpress\/wp-content\/uploads\/2022\/07\/tuxpan3000001-scaled.jpg 2560w, https:\/\/quelites.geofisica.unam.mx\/wordpress\/wp-content\/uploads\/2022\/07\/tuxpan3000001-300x219.jpg 300w, https:\/\/quelites.geofisica.unam.mx\/wordpress\/wp-content\/uploads\/2022\/07\/tuxpan3000001-1024x748.jpg 1024w, https:\/\/quelites.geofisica.unam.mx\/wordpress\/wp-content\/uploads\/2022\/07\/tuxpan3000001-768x561.jpg 768w, https:\/\/quelites.geofisica.unam.mx\/wordpress\/wp-content\/uploads\/2022\/07\/tuxpan3000001-1536x1123.jpg 1536w, https:\/\/quelites.geofisica.unam.mx\/wordpress\/wp-content\/uploads\/2022\/07\/tuxpan3000001-2048x1497.jpg 2048w\" sizes=\"(max-width: 2560px) 100vw, 2560px\" alt=\"Tuxpan\" \/>\n                      <div class=\"h-image__frame h-hide-sm style-231-frameImage style-local-470-c29-frameImage\"><\/div>\n                    <\/div>\n                  <\/div>\n                <\/div>\n              <\/div>\n            <\/div>\n          <\/div>\n          <div class=\"h-column h-column-container d-flex h-col-lg-auto h-col-md-auto h-col-auto style-232-outer style-local-470-c30-outer\">\n            <div data-colibri-id=\"470-c30\" class=\"d-flex h-flex-basis h-column__inner h-px-lg-0 h-px-md-0 h-px-2 v-inner-lg-0 v-inner-md-0 v-inner-2 style-232 style-local-470-c30 position-relative\">\n              <!---->\n              <!---->\n              <div class=\"w-100 h-y-container h-column__content h-column__v-align flex-basis-100 align-self-lg-center align-self-md-center align-self-center\">\n                <!---->\n                <div data-colibri-id=\"470-c31\" class=\"h-global-transition-all h-heading style-233 style-local-470-c31 position-relative h-element\">\n                  <!---->\n                  <div class=\"h-heading__outer style-233 style-local-470-c31\">\n                    <!---->\n                    <!---->\n                    <h3 class=\"\">Nosotros<\/h3>\n                  <\/div>\n                <\/div>\n                <div data-colibri-id=\"470-c32\" class=\"h-lead h-text h-text-component style-234 style-local-470-c32 position-relative h-element\">\n                  <!---->\n                  <!---->\n                  <div class=\"\">\n                    <p>El Servicio Mareogr\u00e1fico de la UNAM resguarda, documenta y analiza la informaci\u00f3n mareogr\u00e1fica de m\u00e1s de 50 a\u00f1os de mediciones en m\u00e1s de 30 localidades, y mantiene el monitoreo del nivel del mar en varios sitios del pa\u00eds. La medici\u00f3n\n                      del nivel del mar en la UNAM representa uno de los esfuerzos pioneros y m\u00e1s importantes de monitoreo de variables ambientales en forma operacional en M\u00e9xico.<\/p>\n                  <\/div>\n                <\/div>\n              <\/div>\n            <\/div>\n          <\/div>\n        <\/div>\n      <\/div>\n    <\/div>\n  <\/div>\n  <div data-colibri-component=\"section\" data-colibri-id=\"470-c33\" id=\"reusable-sections\" class=\"h-section h-section-global-spacing d-flex align-items-lg-center align-items-md-center align-items-center style-354 style-local-470-c33 position-relative\">\n    <!---->\n    <!---->\n    <div class=\"h-section-grid-container h-section-boxed-container\">\n      <!---->\n      <div data-colibri-id=\"470-c34\" class=\"h-row-container gutters-row-lg-2 gutters-row-md-2 gutters-row-0 gutters-row-v-lg-2 gutters-row-v-md-2 gutters-row-v-2 style-355 style-local-470-c34 position-relative\">\n        <!---->\n        <div class=\"h-row justify-content-lg-center justify-content-md-center justify-content-center align-items-lg-stretch align-items-md-stretch align-items-stretch gutters-col-lg-2 gutters-col-md-2 gutters-col-0 gutters-col-v-lg-2 gutters-col-v-md-2 gutters-col-v-2\">\n          <!---->\n          <div class=\"h-column h-column-container d-flex h-col-lg-auto h-col-md-auto h-col-auto style-356-outer style-local-470-c35-outer\">\n            <div data-colibri-id=\"470-c35\" class=\"d-flex h-flex-basis h-column__inner h-px-lg-2 h-px-md-2 h-px-2 v-inner-lg-2 v-inner-md-2 v-inner-2 style-356 style-local-470-c35 position-relative\">\n              <!---->\n              <!---->\n              <div class=\"w-100 h-y-container h-column__content h-column__v-align flex-basis-100 align-self-lg-start align-self-md-start align-self-start\">\n                <!---->\n                <div data-colibri-id=\"470-c36\" class=\"d-block style-357 style-local-470-c36 position-relative h-element\">\n                  <!---->\n                  <div class=\"h-image__frame-container-outer\">\n                    <div class=\"h-image__frame-container\">\n                      <!---->\n                      <!---->\n                      <img loading=\"lazy\" width=\"201\" height=\"77\" src=\"https:\/\/quelites.geofisica.unam.mx\/wordpress\/wp-content\/uploads\/2022\/08\/dosLogosAzul.png\" class=\"wp-image-858 style-357-image style-local-470-c36-image\" alt=\"\" \/>\n                      <div class=\"h-image__frame h-hide-lg h-hide-md h-hide-sm style-357-frameImage style-local-470-c36-frameImage\"><\/div>\n                    <\/div>\n                  <\/div>\n                <\/div>\n                <div data-colibri-id=\"470-c37\" class=\"h-text h-text-component style-358 style-local-470-c37 position-relative h-element\">\n                  <!---->\n                  <!---->\n                  <div class=\"\">\n                    <p>Hecho en M\u00e9xico. Universidad Nacional Aut\u00f3noma de M\u00e9xico (UNAM). Todos los derechos reservados (2022). Esta p\u00e1gina y sus contenidos pueden ser reproducidos con fines no lucrativos, siempre y cuando no se mutile, se cite la fuente completa\n                      y su direcci\u00f3n electr\u00f3nica, de otra forma, se requiere permiso previo por escrito de la Instituci\u00f3n.<\/p>\n                  <\/div>\n                <\/div>\n              <\/div>\n            <\/div>\n          <\/div>\n          <div class=\"h-column h-column-container d-flex h-col-lg-auto h-col-md-auto h-col-auto style-359-outer style-local-470-c38-outer\">\n            <div data-colibri-id=\"470-c38\" class=\"d-flex h-flex-basis h-column__inner h-px-lg-2 h-px-md-2 h-px-2 v-inner-lg-2 v-inner-md-2 v-inner-2 style-359 style-local-470-c38 position-relative\">\n              <!---->\n              <!---->\n              <div class=\"w-100 h-y-container h-column__content h-column__v-align flex-basis-100 align-self-lg-start align-self-md-start align-self-start\">\n                <!---->\n                <div data-colibri-id=\"470-c39\" class=\"h-global-transition-all h-heading style-360 style-local-470-c39 position-relative h-element\">\n                  <!---->\n                  <div class=\"h-heading__outer style-360 style-local-470-c39\">\n                    <!---->\n                    <!---->\n                    <h5 class=\"\">Enlaces<\/h5>\n                  <\/div>\n                <\/div>\n                <div data-colibri-id=\"470-c40\" class=\"h-divider style-361 style-local-470-c40 position-relative h-element\">\n                  <!----><span class=\"h-divider__line style-361-line style-local-470-c40-line style-361-line style-local-470-c40-line\"><\/span><\/div>\n                <div data-colibri-id=\"470-c41\" class=\"icon-list d-flex justify-content-lg-center justify-content-md-center justify-content-center style-362 style-local-470-c41 position-relative h-element\">\n                  <!---->\n                  <ul class=\"ul-list-icon vertical-on-desktop vertical-on-tablet vertical-on-mobile justify-content-lg-center justify-content-md-center justify-content-center\">\n                    <!---->\n                    <li class=\"list-item no-gutters\">\n                      <!---->\n                      <div class=\"list-container-divider d-flex justify-content-lg-center justify-content-md-center justify-content-center first-el-spacer\"><\/div>\n                      <a href=\"https:\/\/www.geofisica.unam.mx\/igualdad\/\" target=\"_blank\" h-use-smooth-scroll=\"true\" class=\"item-link no-gutters\" rel=\"noopener\">\n                        <div class=\"d-flex h-col no-gutters align-items-lg-center align-items-md-center align-items-center list-item-text-wrapper\">\n                          <div class=\"d-flex\"><span class=\"h-svg-icon style-362-icon style-local-470-c41-icon\"><!--Icon by Font Awesome (https:\/\/fontawesome.com)-->\n    <svg version=\"1.1\" xmlns=\"http:\/\/www.w3.org\/2000\/svg\" xmlns:xlink=\"http:\/\/www.w3.org\/1999\/xlink\" id=\"check\" viewBox=\"0 0 1792 1896.0833\">\n      <path d=\"M1671 566q0 40-28 68l-724 724-136 136q-28 28-68 28t-68-28l-136-136-362-362q-28-28-28-68t28-68l136-136q28-28 68-28t68 28l294 295 656-657q28-28 68-28t68 28l136 136q28 28 28 68z\"><\/path>\n    <\/svg><\/span><\/div> <span class=\"list-text d-block\"><span>Igualdad de g\u00e9nero<\/span><\/span>\n                        <\/div>\n                      <\/a>\n                      <div class=\"list-container-divider d-flex justify-content-lg-center justify-content-md-center justify-content-center\">\n                        <!---->\n                      <\/div>\n                    <\/li>\n                    <li class=\"list-item no-gutters\">\n                      <!---->\n                      <!---->\n                      <a href=\"http:\/\/www.transparencia.unam.mx\/\" target=\"_blank\" h-use-smooth-scroll=\"true\" class=\"item-link no-gutters\" rel=\"noopener\">\n                        <div class=\"d-flex h-col no-gutters align-items-lg-center align-items-md-center align-items-center list-item-text-wrapper\">\n                          <div class=\"d-flex\"><span class=\"h-svg-icon style-362-icon style-local-470-c41-icon\"><!--Icon by Font Awesome (https:\/\/fontawesome.com)-->\n    <svg version=\"1.1\" xmlns=\"http:\/\/www.w3.org\/2000\/svg\" xmlns:xlink=\"http:\/\/www.w3.org\/1999\/xlink\" id=\"check\" viewBox=\"0 0 1792 1896.0833\">\n      <path d=\"M1671 566q0 40-28 68l-724 724-136 136q-28 28-68 28t-68-28l-136-136-362-362q-28-28-28-68t28-68l136-136q28-28 68-28t68 28l294 295 656-657q28-28 68-28t68 28l136 136q28 28 28 68z\"><\/path>\n    <\/svg><\/span><\/div> <span class=\"list-text d-block\"><span>Portal de Transparencia Universitaria<\/span><\/span>\n                        <\/div>\n                      <\/a>\n                      <div class=\"list-container-divider d-flex justify-content-lg-center justify-content-md-center justify-content-center\" style=\"display: none;\">\n                        <!---->\n                      <\/div>\n                      <div class=\"list-container-divider d-flex justify-content-lg-center justify-content-md-center justify-content-center last-el-spacer\"><\/div>\n                    <\/li>\n                  <\/ul>\n                <\/div>\n              <\/div>\n            <\/div>\n          <\/div>\n          <div class=\"h-column h-column-container d-flex h-col-lg-auto h-col-md-auto h-col-auto style-363-outer style-local-470-c42-outer\">\n            <div data-colibri-id=\"470-c42\" class=\"d-flex h-flex-basis h-column__inner h-px-lg-2 h-px-md-2 h-px-2 v-inner-lg-2 v-inner-md-2 v-inner-2 style-363 style-local-470-c42 position-relative\">\n              <!---->\n              <!---->\n              <div class=\"w-100 h-y-container h-column__content h-column__v-align flex-basis-100 align-self-lg-start align-self-md-start align-self-start\">\n                <!---->\n                <div data-colibri-id=\"470-c43\" class=\"h-global-transition-all h-heading style-364 style-local-470-c43 position-relative h-element\">\n                  <!---->\n                  <div class=\"h-heading__outer style-364 style-local-470-c43\">\n                    <!---->\n                    <!---->\n                    <h5 class=\"\">Solicitud de datos<\/h5>\n                  <\/div>\n                <\/div>\n                <div data-colibri-id=\"470-c44\" class=\"h-divider style-365 style-local-470-c44 position-relative h-element\">\n                  <!----><span class=\"h-divider__line style-365-line style-local-470-c44-line style-365-line style-local-470-c44-line\"><\/span><\/div>\n                <div data-colibri-id=\"470-c45\" class=\"h-text h-text-component style-366 style-local-470-c45 position-relative h-element\">\n                  <!---->\n                  <!---->\n                  <div class=\"\">\n                    <p>Si usted requiere datos del Servicio Mareogr\u00e1fico Nacional, favor de descargar y llenar el siguiente formato:\n                      <br>\n                    <\/p>\n                  <\/div>\n                <\/div>\n                <div data-colibri-id=\"470-c46\" class=\"h-x-container style-367 style-local-470-c46 position-relative h-element\">\n                  <!---->\n                  <div class=\"h-x-container-inner style-dynamic-470-c46-group style-367-spacing style-local-470-c46-spacing\"><span class=\"h-link__outer style-368-outer style-local-470-c47-outer d-inline-flex h-element\"><a h-use-smooth-scroll=\"true\" href=\"http:\/\/www.mareografico.unam.mx\/formato_solicitud_datos.pdf\" target=\"_blank\" data-colibri-id=\"470-c47\" class=\"d-flex w-100 align-items-center h-link style-368 style-local-470-c47 position-relative\" rel=\"noopener\"><!----><span  class=\"h-svg-icon h-link__icon style-368-icon style-local-470-c47-icon\"><!--Icon by Font Awesome (https:\/\/fontawesome.com)-->\n    <svg version=\"1.1\" xmlns=\"http:\/\/www.w3.org\/2000\/svg\" xmlns:xlink=\"http:\/\/www.w3.org\/1999\/xlink\" id=\"pencil-square-o\" viewBox=\"0 0 1792 1896.0833\">\n      <path d=\"M888 1184l116-116-152-152-116 116v56h96v96h56zm440-720q-16-16-33 1L945 815q-17 17-1 33t33-1l350-350q17-17 1-33zm80 594v190q0 119-84.5 203.5T1120 1536H288q-119 0-203.5-84.5T0 1248V416q0-119 84.5-203.5T288 128h832q63 0 117 25 15 7 18 23 3 17-9 29l-49 49q-14 14-32 8-23-6-45-6H288q-66 0-113 47t-47 113v832q0 66 47 113t113 47h832q66 0 113-47t47-113v-126q0-13 9-22l64-64q15-15 35-7t20 29zm-96-738l288 288-672 672H640V992zm444 132l-92 92-288-288 92-92q28-28 68-28t68 28l152 152q28 28 28 68t-28 68z\"><\/path>\n    <\/svg><\/span> <span>SOLICITUD<\/span><\/a>\n                    <\/span>\n                  <\/div>\n                <\/div>\n                <div data-colibri-id=\"470-c48\" class=\"h-text h-text-component style-369 style-local-470-c48 position-relative h-element\">\n                  <!---->\n                  <!---->\n                  <div class=\"\">\n                    <p>Y enviarla de forma electr\u00f3nica a\n                      <br>\n                    <\/p>\n                  <\/div>\n                <\/div>\n                <div data-colibri-id=\"470-c49\" class=\"h-x-container style-370 style-local-470-c49 position-relative h-element\">\n                  <!---->\n                  <div class=\"h-x-container-inner style-dynamic-470-c49-group style-370-spacing style-local-470-c49-spacing\"><span class=\"h-link__outer style-371-outer style-local-470-c50-outer d-inline-flex h-element\"><a h-use-smooth-scroll=\"true\" href=\"mailto:solicitudessmn@igeofisica.unam.mx\"  data-colibri-id=\"470-c50\" class=\"d-flex w-100 align-items-center h-link style-371 style-local-470-c50 position-relative\"><!----><span  class=\"h-svg-icon h-link__icon style-371-icon style-local-470-c50-icon\"><!--Icon by Font Awesome (https:\/\/fontawesome.com)-->\n    <svg version=\"1.1\" xmlns=\"http:\/\/www.w3.org\/2000\/svg\" xmlns:xlink=\"http:\/\/www.w3.org\/1999\/xlink\" id=\"envelope-o\" viewBox=\"0 0 1792 1896.0833\">\n      <path d=\"M1664 1504V736q-32 36-69 66-268 206-426 338-51 43-83 67t-86.5 48.5T897 1280h-2q-48 0-102.5-24.5T706 1207t-83-67q-158-132-426-338-37-30-69-66v768q0 13 9.5 22.5t22.5 9.5h1472q13 0 22.5-9.5t9.5-22.5zm0-1051v-24.5l-.5-13-3-12.5-5.5-9-9-7.5-14-2.5H160q-13 0-22.5 9.5T128 416q0 168 147 284 193 152 401 317 6 5 35 29.5t46 37.5 44.5 31.5T852 1143t43 9h2q20 0 43-9t50.5-27.5 44.5-31.5 46-37.5 35-29.5q208-165 401-317 54-43 100.5-115.5T1664 453zm128-37v1088q0 66-47 113t-113 47H160q-66 0-113-47T0 1504V416q0-66 47-113t113-47h1472q66 0 113 47t47 113z\"><\/path>\n    <\/svg><\/span> <span>solicitudessmn@igeofisica.unam.mx<\/span><\/a>\n                    <\/span>\n                  <\/div>\n                <\/div>\n              <\/div>\n            <\/div>\n          <\/div>\n        <\/div>\n      <\/div>\n      <div data-colibri-id=\"470-c51\" class=\"h-row-container gutters-row-lg-2 gutters-row-md-2 gutters-row-0 gutters-row-v-lg-2 gutters-row-v-md-2 gutters-row-v-2 style-372 style-local-470-c51 position-relative\">\n        <!---->\n        <div class=\"h-row justify-content-lg-center justify-content-md-center justify-content-center align-items-lg-stretch align-items-md-stretch align-items-stretch gutters-col-lg-2 gutters-col-md-2 gutters-col-0 gutters-col-v-lg-2 gutters-col-v-md-2 gutters-col-v-2\">\n          <!---->\n          <div class=\"h-column h-column-container d-flex h-col-lg-auto h-col-md-auto h-col-auto style-373-outer style-local-470-c52-outer\">\n            <div data-colibri-id=\"470-c52\" class=\"d-flex h-flex-basis h-column__inner h-px-lg-2 h-px-md-2 h-px-2 v-inner-lg-2 v-inner-md-2 v-inner-2 style-373 style-local-470-c52 position-relative\">\n              <!---->\n              <!---->\n              <div class=\"w-100 h-y-container h-column__content h-column__v-align flex-basis-100 align-self-lg-start align-self-md-start align-self-start\">\n                <!---->\n                <div data-colibri-id=\"470-c53\" class=\"h-x-container style-374 style-local-470-c53 position-relative h-element\">\n                  <!---->\n                  <div class=\"h-x-container-inner style-dynamic-470-c53-group style-374-spacing style-local-470-c53-spacing\"><span class=\"h-link__outer style-375-outer style-local-470-c54-outer d-inline-flex h-element\"><a h-use-smooth-scroll=\"true\" href=\"https:\/\/www.geofisica.unam.mx\/recursos\/docs\/IGEF_aviso_privacidad_20190802.pdf\" target=\"_blank\" data-colibri-id=\"470-c54\" class=\"d-flex w-100 align-items-center h-link style-375 style-local-470-c54 position-relative\" rel=\"noopener\"><!----><!----> <span>Aviso de privacidad<\/span><\/a>\n                    <\/span>\n                  <\/div>\n                <\/div>\n              <\/div>\n            <\/div>\n          <\/div>\n        <\/div>\n      <\/div>\n    <\/div>\n  <\/div>\n<\/div>","protected":false},"excerpt":{"rendered":"<p>22\/09\/2022 Bolet\u00edn R\u00e1pido M\u00ednimas perturbaciones registradas en las estaciones del Servicio Mareogr\u00e1fico Nacional debido al sismo de magnitud 6.9 ocurrido el 22 de septiembre de 2022 de magnitud 6.9. Ver reporte Nosotros El Servicio Mareogr\u00e1fico de la UNAM resguarda, documenta y analiza la informaci\u00f3n mareogr\u00e1fica de m\u00e1s de 50 a\u00f1os de mediciones en m\u00e1s de [&hellip;]<\/p>\n","protected":false},"author":1,"featured_media":0,"parent":0,"menu_order":0,"comment_status":"closed","ping_status":"closed","template":"page-templates\/homepage.php","meta":[],"_links":{"self":[{"href":"https:\/\/quelites.geofisica.unam.mx\/wordpress\/index.php\/wp-json\/wp\/v2\/pages\/470"}],"collection":[{"href":"https:\/\/quelites.geofisica.unam.mx\/wordpress\/index.php\/wp-json\/wp\/v2\/pages"}],"about":[{"href":"https:\/\/quelites.geofisica.unam.mx\/wordpress\/index.php\/wp-json\/wp\/v2\/types\/page"}],"author":[{"embeddable":true,"href":"https:\/\/quelites.geofisica.unam.mx\/wordpress\/index.php\/wp-json\/wp\/v2\/users\/1"}],"replies":[{"embeddable":true,"href":"https:\/\/quelites.geofisica.unam.mx\/wordpress\/index.php\/wp-json\/wp\/v2\/comments?post=470"}],"version-history":[{"count":20,"href":"https:\/\/quelites.geofisica.unam.mx\/wordpress\/index.php\/wp-json\/wp\/v2\/pages\/470\/revisions"}],"predecessor-version":[{"id":1785,"href":"https:\/\/quelites.geofisica.unam.mx\/wordpress\/index.php\/wp-json\/wp\/v2\/pages\/470\/revisions\/1785"}],"wp:attachment":[{"href":"https:\/\/quelites.geofisica.unam.mx\/wordpress\/index.php\/wp-json\/wp\/v2\/media?parent=470"}],"curies":[{"name":"wp","href":"https:\/\/api.w.org\/{rel}","templated":true}]}}