{"id":285,"date":"2022-08-04T16:12:59","date_gmt":"2022-08-04T21:12:59","guid":{"rendered":"https:\/\/quelites.geofisica.unam.mx\/wordpress\/?page_id=285"},"modified":"2022-08-10T14:30:51","modified_gmt":"2022-08-10T19:30:51","slug":"infomarea","status":"publish","type":"page","link":"https:\/\/quelites.geofisica.unam.mx\/wordpress\/index.php\/infomarea\/","title":{"rendered":"\u00bfQu\u00e9 es la marea?"},"content":{"rendered":"<div data-colibri-id=\"285-c1\" class=\"style-376 style-local-285-c1 position-relative\">\n  <!---->\n  <div data-colibri-component=\"section\" data-colibri-id=\"285-c2\" id=\"blank\" class=\"h-section h-section-global-spacing d-flex align-items-lg-center align-items-md-center align-items-center style-594 style-local-285-c2 position-relative\">\n    <!---->\n    <!---->\n    <div class=\"h-section-grid-container h-section-boxed-container\">\n      <!---->\n      <div data-colibri-id=\"285-c6\" class=\"h-row-container gutters-row-lg-1 gutters-row-md-1 gutters-row-0 gutters-row-v-lg-1 gutters-row-v-md-1 gutters-row-v-1 style-595 style-local-285-c6 position-relative\">\n        <!---->\n        <div class=\"h-row justify-content-lg-center justify-content-md-center justify-content-center align-items-lg-stretch align-items-md-stretch align-items-stretch gutters-col-lg-1 gutters-col-md-1 gutters-col-0 gutters-col-v-lg-1 gutters-col-v-md-1 gutters-col-v-1\">\n          <!---->\n          <div class=\"h-column h-column-container d-flex h-col-lg-auto h-col-md-auto h-col-auto style-596-outer style-local-285-c7-outer\">\n            <div data-colibri-id=\"285-c7\" class=\"d-flex h-flex-basis h-column__inner h-px-lg-3 h-px-md-3 h-px-3 v-inner-lg-3 v-inner-md-3 v-inner-3 style-596 style-local-285-c7 position-relative\">\n              <!---->\n              <!---->\n              <div class=\"w-100 h-y-container h-column__content h-column__v-align flex-basis-100 align-self-lg-center align-self-md-center align-self-center\">\n                <!---->\n                <div data-colibri-id=\"285-c41\" class=\"h-icon style-626 style-local-285-c41 position-relative h-element\">\n                  <!---->\n                  <a href=\"https:\/\/quelites.geofisica.unam.mx\/wordpress\/index.php\/informacion\/\" h-use-smooth-scroll=\"true\"><span class=\"h-svg-icon h-icon__icon style-626-icon style-local-285-c41-icon\"><!--Icon by Font Awesome (https:\/\/fontawesome.com)--><svg version=\"1.1\" xmlns=\"http:\/\/www.w3.org\/2000\/svg\" xmlns:xlink=\"http:\/\/www.w3.org\/1999\/xlink\" id=\"angle-left\" viewBox=\"0 0 960.7972 1896.0833\"><path d=\"M627 544q0 13-10 23L224 960l393 393q10 10 10 23t-10 23l-50 50q-10 10-23 10t-23-10L55 983q-10-10-10-23t10-23l466-466q10-10 23-10t23 10l50 50q10 10 10 23z\"><\/path><\/svg><\/span><\/a>\n                <\/div>\n              <\/div>\n            <\/div>\n          <\/div>\n          <div class=\"h-column h-column-container d-flex h-col-lg-auto h-col-md-auto h-col-auto style-597-outer style-local-285-c9-outer\">\n            <div data-colibri-id=\"285-c9\" class=\"d-flex h-flex-basis h-column__inner h-px-lg-2 h-px-md-2 h-px-2 v-inner-lg-2 v-inner-md-2 v-inner-2 style-597 style-local-285-c9 position-relative\">\n              <!---->\n              <!---->\n              <div class=\"w-100 h-y-container h-column__content h-column__v-align flex-basis-100 align-self-lg-center align-self-md-center align-self-center\">\n                <!---->\n                <div data-colibri-id=\"285-c8\" class=\"h-text h-text-component style-602 style-local-285-c8 position-relative h-element\">\n                  <!---->\n                  <!---->\n                  <div class=\"\">\n                    <p>La marea es una ondulaci\u00f3n suave de la superficie del mar, imperceptible a simple vista, que en las cuencas oce\u00e1nicas gira c\u00edclicamente con per\u00edodos de 12.42 horas y\/o 24.84 horas, aproximadamente. En t\u00e9rminos estad\u00edsticos, la marea\n                      se manifiesta a lo largo del litoral como la oscilaci\u00f3n vertical del promedio de la amplitud del oleaje que llega a la costa. En la playa, cuando se observa un lento acercamiento de la rompiente (zona donde rompen las olas) y se\n                      ve la invasi\u00f3n de agua y espuma sobre porciones de ella cada vez mayores, es porque la marea est\u00e1 subiendo. Cuando la marea baja, se nota que la rompiente se retira hacia el mar y que decrece notablemente la porci\u00f3n de la playa inundada\n                      por la resaca del oleaje.<\/p>\n                    <p>T\u00e9cnicamente, la marea es, en cada localidad del litoral, el peri\u00f3dico sube-y-baja del nivel del mar que se registra cuando se filtra la r\u00e1pida oscilaci\u00f3n irregular del oleaje local, referido a un \u2018banco de nivel\u2019 establecido en tierra\n                      firme. En cada ciclo de marea la \u2018pleamar\u2019 ocurre cuando \u00e9sta alcanza su mayor altura, y la \u2018bajamar\u2019 cuando llega a su nivel m\u00ednimo. Se define a la \u2018amplitud\u2019 de la marea como la distancia vertical entre pleamar y bajamar consecutivas.\n                      As\u00ed, en cada localidad costera, la amplitud de la marea cambia en cada ciclo y consecuentemente se observan valores extremos locales en la amplitud de la marea. Existen costas en donde la amplitud m\u00e1xima de la marea es de varios\n                      metros, como en San Felipe, B. C., y otras en donde la amplitud m\u00e1xima se reduce a cent\u00edmetros, como en Cozumel.<\/p>\n                  <\/div>\n                <\/div>\n              <\/div>\n            <\/div>\n          <\/div>\n          <div class=\"h-column h-column-container d-flex h-col-lg-auto h-col-md-auto h-col-auto style-624-outer style-local-285-c40-outer\">\n            <div data-colibri-id=\"285-c40\" class=\"d-flex h-flex-basis h-column__inner h-px-lg-2 h-px-md-2 h-px-2 v-inner-lg-2 v-inner-md-2 v-inner-2 style-624 style-local-285-c40 position-relative\">\n              <!---->\n              <!---->\n              <div class=\"w-100 h-y-container h-column__content h-column__v-align flex-basis-100 align-self-lg-center align-self-md-center align-self-center\">\n                <!---->\n                <div data-colibri-id=\"285-c10\" class=\"d-block style-603 style-local-285-c10 position-relative h-element\">\n                  <!---->\n                  <div class=\"h-image__frame-container-outer\">\n                    <div class=\"h-image__frame-container\">\n                      <!---->\n                      <!---->\n                      <img loading=\"lazy\" width=\"1920\" height=\"2560\" src=\"https:\/\/quelites.geofisica.unam.mx\/wordpress\/wp-content\/uploads\/2022\/07\/DSC01738-scaled.jpg\" class=\"wp-image-108 style-603-image style-local-285-c10-image\" srcset=\"https:\/\/quelites.geofisica.unam.mx\/wordpress\/wp-content\/uploads\/2022\/07\/DSC01738-scaled.jpg 1920w, https:\/\/quelites.geofisica.unam.mx\/wordpress\/wp-content\/uploads\/2022\/07\/DSC01738-225x300.jpg 225w, https:\/\/quelites.geofisica.unam.mx\/wordpress\/wp-content\/uploads\/2022\/07\/DSC01738-768x1024.jpg 768w, https:\/\/quelites.geofisica.unam.mx\/wordpress\/wp-content\/uploads\/2022\/07\/DSC01738-1152x1536.jpg 1152w, https:\/\/quelites.geofisica.unam.mx\/wordpress\/wp-content\/uploads\/2022\/07\/DSC01738-1536x2048.jpg 1536w\" sizes=\"(max-width: 1920px) 100vw, 1920px\" alt=\"\" \/>\n                      <div class=\"h-image__frame h-hide-lg h-hide-md h-hide-sm style-603-frameImage style-local-285-c10-frameImage\"><\/div>\n                    <\/div>\n                  <\/div>\n                <\/div>\n              <\/div>\n            <\/div>\n          <\/div>\n        <\/div>\n      <\/div>\n    <\/div>\n  <\/div>\n  <div data-colibri-component=\"section\" data-colibri-id=\"285-c18\" id=\"reusable-sections\" class=\"h-section h-section-global-spacing d-flex align-items-lg-center align-items-md-center align-items-center style-397 style-local-285-c18 position-relative\">\n    <!---->\n    <!---->\n    <div class=\"h-section-grid-container h-section-boxed-container\">\n      <!---->\n      <div data-colibri-id=\"285-c19\" class=\"h-row-container gutters-row-lg-2 gutters-row-md-2 gutters-row-0 gutters-row-v-lg-2 gutters-row-v-md-2 gutters-row-v-2 style-398 style-local-285-c19 position-relative\">\n        <!---->\n        <div class=\"h-row justify-content-lg-center justify-content-md-center justify-content-center align-items-lg-stretch align-items-md-stretch align-items-stretch gutters-col-lg-2 gutters-col-md-2 gutters-col-0 gutters-col-v-lg-2 gutters-col-v-md-2 gutters-col-v-2\">\n          <!---->\n          <div class=\"h-column h-column-container d-flex h-col-lg-auto h-col-md-auto h-col-auto style-399-outer style-local-285-c20-outer\">\n            <div data-colibri-id=\"285-c20\" class=\"d-flex h-flex-basis h-column__inner h-px-lg-2 h-px-md-2 h-px-2 v-inner-lg-2 v-inner-md-2 v-inner-2 style-399 style-local-285-c20 position-relative\">\n              <!---->\n              <!---->\n              <div class=\"w-100 h-y-container h-column__content h-column__v-align flex-basis-100 align-self-lg-start align-self-md-start align-self-start\">\n                <!---->\n                <div data-colibri-id=\"285-c21\" class=\"d-block style-400 style-local-285-c21 position-relative h-element\">\n                  <!---->\n                  <div class=\"h-image__frame-container-outer\">\n                    <div class=\"h-image__frame-container\">\n                      <!---->\n                      <!---->\n                      <img loading=\"lazy\" width=\"201\" height=\"77\" src=\"https:\/\/quelites.geofisica.unam.mx\/wordpress\/wp-content\/uploads\/2022\/08\/dosLogosAzul.png\" class=\"wp-image-858 style-400-image style-local-285-c21-image\" alt=\"\" \/>\n                      <div class=\"h-image__frame h-hide-lg h-hide-md h-hide-sm style-400-frameImage style-local-285-c21-frameImage\"><\/div>\n                    <\/div>\n                  <\/div>\n                <\/div>\n                <div data-colibri-id=\"285-c22\" class=\"h-text h-text-component style-401 style-local-285-c22 position-relative h-element\">\n                  <!---->\n                  <!---->\n                  <div class=\"\">\n                    <p>Hecho en M\u00e9xico. Universidad Nacional Aut\u00f3noma de M\u00e9xico (UNAM). Todos los derechos reservados (2022). Esta p\u00e1gina y sus contenidos pueden ser reproducidos con fines no lucrativos, siempre y cuando no se mutile, se cite la fuente completa\n                      y su direcci\u00f3n electr\u00f3nica, de otra forma, se requiere permiso previo por escrito de la Instituci\u00f3n.<\/p>\n                  <\/div>\n                <\/div>\n              <\/div>\n            <\/div>\n          <\/div>\n          <div class=\"h-column h-column-container d-flex h-col-lg-auto h-col-md-auto h-col-auto style-402-outer style-local-285-c23-outer\">\n            <div data-colibri-id=\"285-c23\" class=\"d-flex h-flex-basis h-column__inner h-px-lg-2 h-px-md-2 h-px-2 v-inner-lg-2 v-inner-md-2 v-inner-2 style-402 style-local-285-c23 position-relative\">\n              <!---->\n              <!---->\n              <div class=\"w-100 h-y-container h-column__content h-column__v-align flex-basis-100 align-self-lg-start align-self-md-start align-self-start\">\n                <!---->\n                <div data-colibri-id=\"285-c24\" class=\"h-global-transition-all h-heading style-403 style-local-285-c24 position-relative h-element\">\n                  <!---->\n                  <div class=\"h-heading__outer style-403 style-local-285-c24\">\n                    <!---->\n                    <!---->\n                    <h5 class=\"\">Enlaces<\/h5>\n                  <\/div>\n                <\/div>\n                <div data-colibri-id=\"285-c25\" class=\"h-divider style-404 style-local-285-c25 position-relative h-element\">\n                  <!----><span class=\"h-divider__line style-404-line style-local-285-c25-line style-404-line style-local-285-c25-line\"><\/span><\/div>\n                <div data-colibri-id=\"285-c26\" class=\"icon-list d-flex justify-content-lg-center justify-content-md-center justify-content-center style-405 style-local-285-c26 position-relative h-element\">\n                  <!---->\n                  <ul class=\"ul-list-icon vertical-on-desktop vertical-on-tablet vertical-on-mobile justify-content-lg-center justify-content-md-center justify-content-center\">\n                    <!---->\n                    <li class=\"list-item no-gutters\">\n                      <!---->\n                      <div class=\"list-container-divider d-flex justify-content-lg-center justify-content-md-center justify-content-center first-el-spacer\"><\/div>\n                      <a href=\"https:\/\/www.geofisica.unam.mx\/igualdad\/\" target=\"_blank\" h-use-smooth-scroll=\"true\" class=\"item-link no-gutters\" rel=\"noopener\">\n                        <div class=\"d-flex h-col no-gutters align-items-lg-center align-items-md-center align-items-center list-item-text-wrapper\">\n                          <div class=\"d-flex\"><span class=\"h-svg-icon style-405-icon style-local-285-c26-icon\"><!--Icon by Font Awesome (https:\/\/fontawesome.com)--><svg version=\"1.1\" xmlns=\"http:\/\/www.w3.org\/2000\/svg\" xmlns:xlink=\"http:\/\/www.w3.org\/1999\/xlink\" id=\"check\" viewBox=\"0 0 1792 1896.0833\"><path d=\"M1671 566q0 40-28 68l-724 724-136 136q-28 28-68 28t-68-28l-136-136-362-362q-28-28-28-68t28-68l136-136q28-28 68-28t68 28l294 295 656-657q28-28 68-28t68 28l136 136q28 28 28 68z\"><\/path><\/svg><\/span><\/div>\n                          <span class=\"list-text d-block\"><span>Igualdad de g\u00e9nero<\/span><\/span>\n                        <\/div>\n                      <\/a>\n                      <div class=\"list-container-divider d-flex justify-content-lg-center justify-content-md-center justify-content-center\">\n                        <!---->\n                      <\/div>\n                    <\/li>\n                    <li class=\"list-item no-gutters\">\n                      <!---->\n                      <!---->\n                      <a href=\"http:\/\/www.transparencia.unam.mx\/\" target=\"_blank\" h-use-smooth-scroll=\"true\" class=\"item-link no-gutters\" rel=\"noopener\">\n                        <div class=\"d-flex h-col no-gutters align-items-lg-center align-items-md-center align-items-center list-item-text-wrapper\">\n                          <div class=\"d-flex\"><span class=\"h-svg-icon style-405-icon style-local-285-c26-icon\"><!--Icon by Font Awesome (https:\/\/fontawesome.com)--><svg version=\"1.1\" xmlns=\"http:\/\/www.w3.org\/2000\/svg\" xmlns:xlink=\"http:\/\/www.w3.org\/1999\/xlink\" id=\"check\" viewBox=\"0 0 1792 1896.0833\"><path d=\"M1671 566q0 40-28 68l-724 724-136 136q-28 28-68 28t-68-28l-136-136-362-362q-28-28-28-68t28-68l136-136q28-28 68-28t68 28l294 295 656-657q28-28 68-28t68 28l136 136q28 28 28 68z\"><\/path><\/svg><\/span><\/div>\n                          <span class=\"list-text d-block\"><span>Portal de Transparencia Universitaria<\/span><\/span>\n                        <\/div>\n                      <\/a>\n                      <div class=\"list-container-divider d-flex justify-content-lg-center justify-content-md-center justify-content-center\" style=\"display: none;\">\n                        <!---->\n                      <\/div>\n                      <div class=\"list-container-divider d-flex justify-content-lg-center justify-content-md-center justify-content-center last-el-spacer\"><\/div>\n                    <\/li>\n                  <\/ul>\n                <\/div>\n              <\/div>\n            <\/div>\n          <\/div>\n          <div class=\"h-column h-column-container d-flex h-col-lg-auto h-col-md-auto h-col-auto style-406-outer style-local-285-c27-outer\">\n            <div data-colibri-id=\"285-c27\" class=\"d-flex h-flex-basis h-column__inner h-px-lg-2 h-px-md-2 h-px-2 v-inner-lg-2 v-inner-md-2 v-inner-2 style-406 style-local-285-c27 position-relative\">\n              <!---->\n              <!---->\n              <div class=\"w-100 h-y-container h-column__content h-column__v-align flex-basis-100 align-self-lg-start align-self-md-start align-self-start\">\n                <!---->\n                <div data-colibri-id=\"285-c28\" class=\"h-global-transition-all h-heading style-407 style-local-285-c28 position-relative h-element\">\n                  <!---->\n                  <div class=\"h-heading__outer style-407 style-local-285-c28\">\n                    <!---->\n                    <!---->\n                    <h5 class=\"\">Solicitud de datos<\/h5>\n                  <\/div>\n                <\/div>\n                <div data-colibri-id=\"285-c29\" class=\"h-divider style-408 style-local-285-c29 position-relative h-element\">\n                  <!----><span class=\"h-divider__line style-408-line style-local-285-c29-line style-408-line style-local-285-c29-line\"><\/span><\/div>\n                <div data-colibri-id=\"285-c30\" class=\"h-text h-text-component style-409 style-local-285-c30 position-relative h-element\">\n                  <!---->\n                  <!---->\n                  <div class=\"\">\n                    <p>Si usted requiere datos del Servicio Mareogr\u00e1fico Nacional, favor de descargar y llenar el siguiente formato:\n                      <br>\n                    <\/p>\n                  <\/div>\n                <\/div>\n                <div data-colibri-id=\"285-c31\" class=\"h-x-container style-410 style-local-285-c31 position-relative h-element\">\n                  <!---->\n                  <div class=\"h-x-container-inner style-dynamic-285-c31-group style-410-spacing style-local-285-c31-spacing\"><span class=\"h-link__outer style-411-outer style-local-285-c32-outer d-inline-flex h-element\"><a h-use-smooth-scroll=\"true\" href=\"http:\/\/www.mareografico.unam.mx\/formato_solicitud_datos.pdf\" target=\"_blank\" data-colibri-id=\"285-c32\" class=\"d-flex w-100 align-items-center h-link style-411 style-local-285-c32 position-relative\" rel=\"noopener\"><!----><span  class=\"h-svg-icon h-link__icon style-411-icon style-local-285-c32-icon\"><!--Icon by Font Awesome (https:\/\/fontawesome.com)--><svg version=\"1.1\" xmlns=\"http:\/\/www.w3.org\/2000\/svg\" xmlns:xlink=\"http:\/\/www.w3.org\/1999\/xlink\" id=\"pencil-square-o\" viewBox=\"0 0 1792 1896.0833\"><path d=\"M888 1184l116-116-152-152-116 116v56h96v96h56zm440-720q-16-16-33 1L945 815q-17 17-1 33t33-1l350-350q17-17 1-33zm80 594v190q0 119-84.5 203.5T1120 1536H288q-119 0-203.5-84.5T0 1248V416q0-119 84.5-203.5T288 128h832q63 0 117 25 15 7 18 23 3 17-9 29l-49 49q-14 14-32 8-23-6-45-6H288q-66 0-113 47t-47 113v832q0 66 47 113t113 47h832q66 0 113-47t47-113v-126q0-13 9-22l64-64q15-15 35-7t20 29zm-96-738l288 288-672 672H640V992zm444 132l-92 92-288-288 92-92q28-28 68-28t68 28l152 152q28 28 28 68t-28 68z\"><\/path><\/svg><\/span>                    <span>SOLICITUD<\/span><\/a>\n                    <\/span>\n                  <\/div>\n                <\/div>\n                <div data-colibri-id=\"285-c33\" class=\"h-text h-text-component style-412 style-local-285-c33 position-relative h-element\">\n                  <!---->\n                  <!---->\n                  <div class=\"\">\n                    <p>Y enviarla de forma electr\u00f3nica a\n                      <br>\n                    <\/p>\n                  <\/div>\n                <\/div>\n                <div data-colibri-id=\"285-c34\" class=\"h-x-container style-413 style-local-285-c34 position-relative h-element\">\n                  <!---->\n                  <div class=\"h-x-container-inner style-dynamic-285-c34-group style-413-spacing style-local-285-c34-spacing\"><span class=\"h-link__outer style-414-outer style-local-285-c35-outer d-inline-flex h-element\"><a h-use-smooth-scroll=\"true\" href=\"mailto:solicitudessmn@igeofisica.unam.mx\"  data-colibri-id=\"285-c35\" class=\"d-flex w-100 align-items-center h-link style-414 style-local-285-c35 position-relative\"><!----><span  class=\"h-svg-icon h-link__icon style-414-icon style-local-285-c35-icon\"><!--Icon by Font Awesome (https:\/\/fontawesome.com)--><svg version=\"1.1\" xmlns=\"http:\/\/www.w3.org\/2000\/svg\" xmlns:xlink=\"http:\/\/www.w3.org\/1999\/xlink\" id=\"envelope-o\" viewBox=\"0 0 1792 1896.0833\"><path d=\"M1664 1504V736q-32 36-69 66-268 206-426 338-51 43-83 67t-86.5 48.5T897 1280h-2q-48 0-102.5-24.5T706 1207t-83-67q-158-132-426-338-37-30-69-66v768q0 13 9.5 22.5t22.5 9.5h1472q13 0 22.5-9.5t9.5-22.5zm0-1051v-24.5l-.5-13-3-12.5-5.5-9-9-7.5-14-2.5H160q-13 0-22.5 9.5T128 416q0 168 147 284 193 152 401 317 6 5 35 29.5t46 37.5 44.5 31.5T852 1143t43 9h2q20 0 43-9t50.5-27.5 44.5-31.5 46-37.5 35-29.5q208-165 401-317 54-43 100.5-115.5T1664 453zm128-37v1088q0 66-47 113t-113 47H160q-66 0-113-47T0 1504V416q0-66 47-113t113-47h1472q66 0 113 47t47 113z\"><\/path><\/svg><\/span>                    <span>solicitudessmn@igeofisica.unam.mx<\/span><\/a>\n                    <\/span>\n                  <\/div>\n                <\/div>\n              <\/div>\n            <\/div>\n          <\/div>\n        <\/div>\n      <\/div>\n      <div data-colibri-id=\"285-c36\" class=\"h-row-container gutters-row-lg-2 gutters-row-md-2 gutters-row-0 gutters-row-v-lg-2 gutters-row-v-md-2 gutters-row-v-2 style-415 style-local-285-c36 position-relative\">\n        <!---->\n        <div class=\"h-row justify-content-lg-center justify-content-md-center justify-content-center align-items-lg-stretch align-items-md-stretch align-items-stretch gutters-col-lg-2 gutters-col-md-2 gutters-col-0 gutters-col-v-lg-2 gutters-col-v-md-2 gutters-col-v-2\">\n          <!---->\n          <div class=\"h-column h-column-container d-flex h-col-lg-auto h-col-md-auto h-col-auto style-416-outer style-local-285-c37-outer\">\n            <div data-colibri-id=\"285-c37\" class=\"d-flex h-flex-basis h-column__inner h-px-lg-2 h-px-md-2 h-px-2 v-inner-lg-2 v-inner-md-2 v-inner-2 style-416 style-local-285-c37 position-relative\">\n              <!---->\n              <!---->\n              <div class=\"w-100 h-y-container h-column__content h-column__v-align flex-basis-100 align-self-lg-start align-self-md-start align-self-start\">\n                <!---->\n                <div data-colibri-id=\"285-c38\" class=\"h-x-container style-417 style-local-285-c38 position-relative h-element\">\n                  <!---->\n                  <div class=\"h-x-container-inner style-dynamic-285-c38-group style-417-spacing style-local-285-c38-spacing\"><span class=\"h-link__outer style-418-outer style-local-285-c39-outer d-inline-flex h-element\"><a h-use-smooth-scroll=\"true\" href=\"https:\/\/www.geofisica.unam.mx\/recursos\/docs\/IGEF_aviso_privacidad_20190802.pdf\" target=\"_blank\" data-colibri-id=\"285-c39\" class=\"d-flex w-100 align-items-center h-link style-418 style-local-285-c39 position-relative\" rel=\"noopener\"><!----><!----> <span>Aviso de privacidad<\/span><\/a>\n                    <\/span>\n                  <\/div>\n                <\/div>\n              <\/div>\n            <\/div>\n          <\/div>\n        <\/div>\n      <\/div>\n    <\/div>\n  <\/div>\n<\/div>","protected":false},"excerpt":{"rendered":"<p>La marea es una ondulaci\u00f3n suave de la superficie del mar, imperceptible a simple vista, que en las cuencas oce\u00e1nicas gira c\u00edclicamente con per\u00edodos de 12.42 horas y\/o 24.84 horas, aproximadamente. En t\u00e9rminos estad\u00edsticos, la marea se manifiesta a lo largo del litoral como la oscilaci\u00f3n vertical del promedio de la amplitud del oleaje que [&hellip;]<\/p>\n","protected":false},"author":1,"featured_media":0,"parent":0,"menu_order":0,"comment_status":"closed","ping_status":"closed","template":"page-templates\/full-width-page.php","meta":[],"_links":{"self":[{"href":"https:\/\/quelites.geofisica.unam.mx\/wordpress\/index.php\/wp-json\/wp\/v2\/pages\/285"}],"collection":[{"href":"https:\/\/quelites.geofisica.unam.mx\/wordpress\/index.php\/wp-json\/wp\/v2\/pages"}],"about":[{"href":"https:\/\/quelites.geofisica.unam.mx\/wordpress\/index.php\/wp-json\/wp\/v2\/types\/page"}],"author":[{"embeddable":true,"href":"https:\/\/quelites.geofisica.unam.mx\/wordpress\/index.php\/wp-json\/wp\/v2\/users\/1"}],"replies":[{"embeddable":true,"href":"https:\/\/quelites.geofisica.unam.mx\/wordpress\/index.php\/wp-json\/wp\/v2\/comments?post=285"}],"version-history":[{"count":20,"href":"https:\/\/quelites.geofisica.unam.mx\/wordpress\/index.php\/wp-json\/wp\/v2\/pages\/285\/revisions"}],"predecessor-version":[{"id":1129,"href":"https:\/\/quelites.geofisica.unam.mx\/wordpress\/index.php\/wp-json\/wp\/v2\/pages\/285\/revisions\/1129"}],"wp:attachment":[{"href":"https:\/\/quelites.geofisica.unam.mx\/wordpress\/index.php\/wp-json\/wp\/v2\/media?parent=285"}],"curies":[{"name":"wp","href":"https:\/\/api.w.org\/{rel}","templated":true}]}}