{"id":1322,"date":"2022-08-11T15:23:29","date_gmt":"2022-08-11T20:23:29","guid":{"rendered":"https:\/\/quelites.geofisica.unam.mx\/wordpress\/?page_id=1322"},"modified":"2022-08-11T15:25:09","modified_gmt":"2022-08-11T20:25:09","slug":"infodonde","status":"publish","type":"page","link":"https:\/\/quelites.geofisica.unam.mx\/wordpress\/index.php\/infodonde\/","title":{"rendered":"\u00bfD\u00f3nde se debe medir la marea?"},"content":{"rendered":"<div data-colibri-id=\"1322-c1\" class=\"style-845 style-local-1322-c1 position-relative\">\n  <!---->\n  <div data-colibri-component=\"section\" data-colibri-id=\"1322-c2\" id=\"custom\" class=\"h-section h-section-global-spacing d-flex align-items-lg-center align-items-md-center align-items-center style-846 style-local-1322-c2 position-relative\">\n    <!---->\n    <!---->\n    <div class=\"h-section-grid-container h-section-boxed-container\">\n      <!---->\n      <div data-colibri-id=\"1322-c3\" class=\"h-row-container gutters-row-lg-2 gutters-row-md-2 gutters-row-0 gutters-row-v-lg-2 gutters-row-v-md-2 gutters-row-v-2 style-847 style-local-1322-c3 position-relative\">\n        <!---->\n        <div class=\"h-row justify-content-lg-center justify-content-md-center justify-content-center align-items-lg-stretch align-items-md-stretch align-items-stretch gutters-col-lg-2 gutters-col-md-2 gutters-col-0 gutters-col-v-lg-2 gutters-col-v-md-2 gutters-col-v-2\">\n          <!---->\n          <div class=\"h-column h-column-container d-flex h-col-lg-auto h-col-md-auto h-col-auto style-848-outer style-local-1322-c4-outer\">\n            <div data-colibri-id=\"1322-c4\" class=\"d-flex h-flex-basis h-column__inner h-px-lg-2 h-px-md-2 h-px-2 v-inner-lg-2 v-inner-md-2 v-inner-2 style-848 style-local-1322-c4 position-relative\">\n              <!---->\n              <!---->\n              <div class=\"w-100 h-y-container h-column__content h-column__v-align flex-basis-100 align-self-lg-center align-self-md-center align-self-center\">\n                <!---->\n                <div data-colibri-id=\"1322-c5\" class=\"h-icon style-849 style-local-1322-c5 position-relative h-element\">\n                  <!---->\n                  <a href=\"https:\/\/quelites.geofisica.unam.mx\/wordpress\/index.php\/informacion\/\" h-use-smooth-scroll=\"true\"><span class=\"h-svg-icon h-icon__icon style-849-icon style-local-1322-c5-icon\"><!--Icon by Font Awesome (https:\/\/fontawesome.com)--><svg version=\"1.1\" xmlns=\"http:\/\/www.w3.org\/2000\/svg\" xmlns:xlink=\"http:\/\/www.w3.org\/1999\/xlink\" id=\"angle-left\" viewBox=\"0 0 960.7972 1896.0833\"><path d=\"M627 544q0 13-10 23L224 960l393 393q10 10 10 23t-10 23l-50 50q-10 10-23 10t-23-10L55 983q-10-10-10-23t10-23l466-466q10-10 23-10t23 10l50 50q10 10 10 23z\"><\/path><\/svg><\/span><\/a>\n                <\/div>\n              <\/div>\n            <\/div>\n          <\/div>\n          <div class=\"h-column h-column-container d-flex h-col-lg-auto h-col-md-auto h-col-auto style-850-outer style-local-1322-c6-outer\">\n            <div data-colibri-id=\"1322-c6\" class=\"d-flex h-flex-basis h-column__inner h-px-lg-2 h-px-md-2 h-px-2 v-inner-lg-2 v-inner-md-2 v-inner-2 style-850 style-local-1322-c6 position-relative\">\n              <!---->\n              <!---->\n              <div class=\"w-100 h-y-container h-column__content h-column__v-align flex-basis-100 align-self-lg-start align-self-md-start align-self-start\">\n                <!---->\n                <div data-colibri-id=\"1322-c7\" class=\"h-text h-text-component style-851 style-local-1322-c7 position-relative h-element\">\n                  <!---->\n                  <!---->\n                  <div class=\"\">\n                    <p>Tradicionalmente la marea se mide en el interior de los puertos por dos motivos principales. Primero, porque es m\u00e1s f\u00e1cil atender una instalaci\u00f3n a la que se pueda acceder de manera f\u00e1cil y oportuna, como lo es una caseta a la orilla\n                      de un muelle, con la que adem\u00e1s queda protegida del mal tiempo (radiaci\u00f3n, lluvia, viento, etc.) y tambi\u00e9n de vandalismos ocasionales. Segundo, porque la medici\u00f3n del nivel del mar en el interior del puerto permite saber cu\u00e1ndo los\n                      canales de acceso a \u00e9l tienen la profundidad m\u00ednima necesaria para que las embarcaciones que entran y salen del puerto lo hagan con seguridad. Sin embargo, un mare\u00f3grafo en el interior de un puerto tiene variaciones del nivel del\n                      mar de importancia con relaci\u00f3n a las que se observan fuera del puerto. Para obtener datos de nivel del mar que permitan conocer, estudiar y entender otros procesos del oc\u00e9ano, ajenos a la marea, es deseable contar con mediciones\n                      en lugares menos protegidos. Por fortuna, existen ahora instrumentos hechos con tecnolog\u00eda moderna que miden con buena precisi\u00f3n la evoluci\u00f3n del nivel del mar y resisten condiciones ambientales agresivas. Estos se pueden instalar\n                      en lugares apropiados para registrar los efectos directos de una diversidad de procesos f\u00edsicos, centrales de la interacci\u00f3n oc\u00e9ano-atm\u00f3sfera, que afectan el nivel del mar.<\/p>\n                  <\/div>\n                <\/div>\n              <\/div>\n            <\/div>\n          <\/div>\n        <\/div>\n      <\/div>\n    <\/div>\n  <\/div>\n  <div data-colibri-component=\"section\" data-colibri-id=\"1322-c8\" id=\"reusable-sections\" class=\"h-section h-section-global-spacing d-flex align-items-lg-center align-items-md-center align-items-center style-852 style-local-1322-c8 position-relative\">\n    <!---->\n    <!---->\n    <div class=\"h-section-grid-container h-section-boxed-container\">\n      <!---->\n      <div data-colibri-id=\"1322-c9\" class=\"h-row-container gutters-row-lg-2 gutters-row-md-2 gutters-row-0 gutters-row-v-lg-2 gutters-row-v-md-2 gutters-row-v-2 style-853 style-local-1322-c9 position-relative\">\n        <!---->\n        <div class=\"h-row justify-content-lg-center justify-content-md-center justify-content-center align-items-lg-stretch align-items-md-stretch align-items-stretch gutters-col-lg-2 gutters-col-md-2 gutters-col-0 gutters-col-v-lg-2 gutters-col-v-md-2 gutters-col-v-2\">\n          <!---->\n          <div class=\"h-column h-column-container d-flex h-col-lg-auto h-col-md-auto h-col-auto style-854-outer style-local-1322-c10-outer\">\n            <div data-colibri-id=\"1322-c10\" class=\"d-flex h-flex-basis h-column__inner h-px-lg-2 h-px-md-2 h-px-2 v-inner-lg-2 v-inner-md-2 v-inner-2 style-854 style-local-1322-c10 position-relative\">\n              <!---->\n              <!---->\n              <div class=\"w-100 h-y-container h-column__content h-column__v-align flex-basis-100 align-self-lg-start align-self-md-start align-self-start\">\n                <!---->\n                <div data-colibri-id=\"1322-c11\" class=\"d-block style-855 style-local-1322-c11 position-relative h-element\">\n                  <!---->\n                  <div class=\"h-image__frame-container-outer\">\n                    <div class=\"h-image__frame-container\">\n                      <!---->\n                      <!---->\n                      <img loading=\"lazy\" width=\"201\" height=\"77\" src=\"https:\/\/quelites.geofisica.unam.mx\/wordpress\/wp-content\/uploads\/2022\/08\/dosLogosAzul.png\" class=\"wp-image-858 style-855-image style-local-1322-c11-image\" alt=\"\" \/>\n                      <div class=\"h-image__frame h-hide-lg h-hide-md h-hide-sm style-855-frameImage style-local-1322-c11-frameImage\"><\/div>\n                    <\/div>\n                  <\/div>\n                <\/div>\n                <div data-colibri-id=\"1322-c12\" class=\"h-text h-text-component style-856 style-local-1322-c12 position-relative h-element\">\n                  <!---->\n                  <!---->\n                  <div class=\"\">\n                    <p>Hecho en M\u00e9xico. Universidad Nacional Aut\u00f3noma de M\u00e9xico (UNAM). Todos los derechos reservados (2022). Esta p\u00e1gina y sus contenidos pueden ser reproducidos con fines no lucrativos, siempre y cuando no se mutile, se cite la fuente completa\n                      y su direcci\u00f3n electr\u00f3nica, de otra forma, se requiere permiso previo por escrito de la Instituci\u00f3n.<\/p>\n                  <\/div>\n                <\/div>\n              <\/div>\n            <\/div>\n          <\/div>\n          <div class=\"h-column h-column-container d-flex h-col-lg-auto h-col-md-auto h-col-auto style-857-outer style-local-1322-c13-outer\">\n            <div data-colibri-id=\"1322-c13\" class=\"d-flex h-flex-basis h-column__inner h-px-lg-2 h-px-md-2 h-px-2 v-inner-lg-2 v-inner-md-2 v-inner-2 style-857 style-local-1322-c13 position-relative\">\n              <!---->\n              <!---->\n              <div class=\"w-100 h-y-container h-column__content h-column__v-align flex-basis-100 align-self-lg-start align-self-md-start align-self-start\">\n                <!---->\n                <div data-colibri-id=\"1322-c14\" class=\"h-global-transition-all h-heading style-858 style-local-1322-c14 position-relative h-element\">\n                  <!---->\n                  <div class=\"h-heading__outer style-858 style-local-1322-c14\">\n                    <!---->\n                    <!---->\n                    <h5 class=\"\">Enlaces<\/h5>\n                  <\/div>\n                <\/div>\n                <div data-colibri-id=\"1322-c15\" class=\"h-divider style-859 style-local-1322-c15 position-relative h-element\">\n                  <!----><span class=\"h-divider__line style-859-line style-local-1322-c15-line style-859-line style-local-1322-c15-line\"><\/span><\/div>\n                <div data-colibri-id=\"1322-c16\" class=\"icon-list d-flex justify-content-lg-center justify-content-md-center justify-content-center style-860 style-local-1322-c16 position-relative h-element\">\n                  <!---->\n                  <ul class=\"ul-list-icon vertical-on-desktop vertical-on-tablet vertical-on-mobile justify-content-lg-center justify-content-md-center justify-content-center\">\n                    <!---->\n                    <li class=\"list-item no-gutters\">\n                      <!---->\n                      <div class=\"list-container-divider d-flex justify-content-lg-center justify-content-md-center justify-content-center first-el-spacer\"><\/div>\n                      <a href=\"https:\/\/www.geofisica.unam.mx\/igualdad\/\" target=\"_blank\" h-use-smooth-scroll=\"true\" class=\"item-link no-gutters\" rel=\"noopener\">\n                        <div class=\"d-flex h-col no-gutters align-items-lg-center align-items-md-center align-items-center list-item-text-wrapper\">\n                          <div class=\"d-flex\"><span class=\"h-svg-icon style-860-icon style-local-1322-c16-icon\"><!--Icon by Font Awesome (https:\/\/fontawesome.com)--><svg version=\"1.1\" xmlns=\"http:\/\/www.w3.org\/2000\/svg\" xmlns:xlink=\"http:\/\/www.w3.org\/1999\/xlink\" id=\"check\" viewBox=\"0 0 1792 1896.0833\"><path d=\"M1671 566q0 40-28 68l-724 724-136 136q-28 28-68 28t-68-28l-136-136-362-362q-28-28-28-68t28-68l136-136q28-28 68-28t68 28l294 295 656-657q28-28 68-28t68 28l136 136q28 28 28 68z\"><\/path><\/svg><\/span><\/div>\n                          <span class=\"list-text d-block\"><span>Igualdad de g\u00e9nero<\/span><\/span>\n                        <\/div>\n                      <\/a>\n                      <div class=\"list-container-divider d-flex justify-content-lg-center justify-content-md-center justify-content-center\">\n                        <!---->\n                      <\/div>\n                    <\/li>\n                    <li class=\"list-item no-gutters\">\n                      <!---->\n                      <!---->\n                      <a href=\"http:\/\/www.transparencia.unam.mx\/\" target=\"_blank\" h-use-smooth-scroll=\"true\" class=\"item-link no-gutters\" rel=\"noopener\">\n                        <div class=\"d-flex h-col no-gutters align-items-lg-center align-items-md-center align-items-center list-item-text-wrapper\">\n                          <div class=\"d-flex\"><span class=\"h-svg-icon style-860-icon style-local-1322-c16-icon\"><!--Icon by Font Awesome (https:\/\/fontawesome.com)--><svg version=\"1.1\" xmlns=\"http:\/\/www.w3.org\/2000\/svg\" xmlns:xlink=\"http:\/\/www.w3.org\/1999\/xlink\" id=\"check\" viewBox=\"0 0 1792 1896.0833\"><path d=\"M1671 566q0 40-28 68l-724 724-136 136q-28 28-68 28t-68-28l-136-136-362-362q-28-28-28-68t28-68l136-136q28-28 68-28t68 28l294 295 656-657q28-28 68-28t68 28l136 136q28 28 28 68z\"><\/path><\/svg><\/span><\/div>\n                          <span class=\"list-text d-block\"><span>Portal de Transparencia Universitaria<\/span><\/span>\n                        <\/div>\n                      <\/a>\n                      <div class=\"list-container-divider d-flex justify-content-lg-center justify-content-md-center justify-content-center\" style=\"display: none;\">\n                        <!---->\n                      <\/div>\n                      <div class=\"list-container-divider d-flex justify-content-lg-center justify-content-md-center justify-content-center last-el-spacer\"><\/div>\n                    <\/li>\n                  <\/ul>\n                <\/div>\n              <\/div>\n            <\/div>\n          <\/div>\n          <div class=\"h-column h-column-container d-flex h-col-lg-auto h-col-md-auto h-col-auto style-861-outer style-local-1322-c17-outer\">\n            <div data-colibri-id=\"1322-c17\" class=\"d-flex h-flex-basis h-column__inner h-px-lg-2 h-px-md-2 h-px-2 v-inner-lg-2 v-inner-md-2 v-inner-2 style-861 style-local-1322-c17 position-relative\">\n              <!---->\n              <!---->\n              <div class=\"w-100 h-y-container h-column__content h-column__v-align flex-basis-100 align-self-lg-start align-self-md-start align-self-start\">\n                <!---->\n                <div data-colibri-id=\"1322-c18\" class=\"h-global-transition-all h-heading style-862 style-local-1322-c18 position-relative h-element\">\n                  <!---->\n                  <div class=\"h-heading__outer style-862 style-local-1322-c18\">\n                    <!---->\n                    <!---->\n                    <h5 class=\"\">Solicitud de datos<\/h5>\n                  <\/div>\n                <\/div>\n                <div data-colibri-id=\"1322-c19\" class=\"h-divider style-863 style-local-1322-c19 position-relative h-element\">\n                  <!----><span class=\"h-divider__line style-863-line style-local-1322-c19-line style-863-line style-local-1322-c19-line\"><\/span><\/div>\n                <div data-colibri-id=\"1322-c20\" class=\"h-text h-text-component style-864 style-local-1322-c20 position-relative h-element\">\n                  <!---->\n                  <!---->\n                  <div class=\"\">\n                    <p>Si usted requiere datos del Servicio Mareogr\u00e1fico Nacional, favor de descargar y llenar el siguiente formato:\n                      <br>\n                    <\/p>\n                  <\/div>\n                <\/div>\n                <div data-colibri-id=\"1322-c21\" class=\"h-x-container style-865 style-local-1322-c21 position-relative h-element\">\n                  <!---->\n                  <div class=\"h-x-container-inner style-dynamic-1322-c21-group style-865-spacing style-local-1322-c21-spacing\"><span class=\"h-link__outer style-866-outer style-local-1322-c22-outer d-inline-flex h-element\"><a h-use-smooth-scroll=\"true\" href=\"http:\/\/www.mareografico.unam.mx\/formato_solicitud_datos.pdf\" target=\"_blank\" data-colibri-id=\"1322-c22\" class=\"d-flex w-100 align-items-center h-link style-866 style-local-1322-c22 position-relative\" rel=\"noopener\"><!----><span  class=\"h-svg-icon h-link__icon style-866-icon style-local-1322-c22-icon\"><!--Icon by Font Awesome (https:\/\/fontawesome.com)--><svg version=\"1.1\" xmlns=\"http:\/\/www.w3.org\/2000\/svg\" xmlns:xlink=\"http:\/\/www.w3.org\/1999\/xlink\" id=\"pencil-square-o\" viewBox=\"0 0 1792 1896.0833\"><path d=\"M888 1184l116-116-152-152-116 116v56h96v96h56zm440-720q-16-16-33 1L945 815q-17 17-1 33t33-1l350-350q17-17 1-33zm80 594v190q0 119-84.5 203.5T1120 1536H288q-119 0-203.5-84.5T0 1248V416q0-119 84.5-203.5T288 128h832q63 0 117 25 15 7 18 23 3 17-9 29l-49 49q-14 14-32 8-23-6-45-6H288q-66 0-113 47t-47 113v832q0 66 47 113t113 47h832q66 0 113-47t47-113v-126q0-13 9-22l64-64q15-15 35-7t20 29zm-96-738l288 288-672 672H640V992zm444 132l-92 92-288-288 92-92q28-28 68-28t68 28l152 152q28 28 28 68t-28 68z\"><\/path><\/svg><\/span>                    <span>SOLICITUD<\/span><\/a>\n                    <\/span>\n                  <\/div>\n                <\/div>\n                <div data-colibri-id=\"1322-c23\" class=\"h-text h-text-component style-867 style-local-1322-c23 position-relative h-element\">\n                  <!---->\n                  <!---->\n                  <div class=\"\">\n                    <p>Y enviarla de forma electr\u00f3nica a\n                      <br>\n                    <\/p>\n                  <\/div>\n                <\/div>\n                <div data-colibri-id=\"1322-c24\" class=\"h-x-container style-868 style-local-1322-c24 position-relative h-element\">\n                  <!---->\n                  <div class=\"h-x-container-inner style-dynamic-1322-c24-group style-868-spacing style-local-1322-c24-spacing\"><span class=\"h-link__outer style-869-outer style-local-1322-c25-outer d-inline-flex h-element\"><a h-use-smooth-scroll=\"true\" href=\"mailto:solicitudessmn@igeofisica.unam.mx\"  data-colibri-id=\"1322-c25\" class=\"d-flex w-100 align-items-center h-link style-869 style-local-1322-c25 position-relative\"><!----><span  class=\"h-svg-icon h-link__icon style-869-icon style-local-1322-c25-icon\"><!--Icon by Font Awesome (https:\/\/fontawesome.com)--><svg version=\"1.1\" xmlns=\"http:\/\/www.w3.org\/2000\/svg\" xmlns:xlink=\"http:\/\/www.w3.org\/1999\/xlink\" id=\"envelope-o\" viewBox=\"0 0 1792 1896.0833\"><path d=\"M1664 1504V736q-32 36-69 66-268 206-426 338-51 43-83 67t-86.5 48.5T897 1280h-2q-48 0-102.5-24.5T706 1207t-83-67q-158-132-426-338-37-30-69-66v768q0 13 9.5 22.5t22.5 9.5h1472q13 0 22.5-9.5t9.5-22.5zm0-1051v-24.5l-.5-13-3-12.5-5.5-9-9-7.5-14-2.5H160q-13 0-22.5 9.5T128 416q0 168 147 284 193 152 401 317 6 5 35 29.5t46 37.5 44.5 31.5T852 1143t43 9h2q20 0 43-9t50.5-27.5 44.5-31.5 46-37.5 35-29.5q208-165 401-317 54-43 100.5-115.5T1664 453zm128-37v1088q0 66-47 113t-113 47H160q-66 0-113-47T0 1504V416q0-66 47-113t113-47h1472q66 0 113 47t47 113z\"><\/path><\/svg><\/span>                    <span>solicitudessmn@igeofisica.unam.mx<\/span><\/a>\n                    <\/span>\n                  <\/div>\n                <\/div>\n              <\/div>\n            <\/div>\n          <\/div>\n        <\/div>\n      <\/div>\n      <div data-colibri-id=\"1322-c26\" class=\"h-row-container gutters-row-lg-2 gutters-row-md-2 gutters-row-0 gutters-row-v-lg-2 gutters-row-v-md-2 gutters-row-v-2 style-870 style-local-1322-c26 position-relative\">\n        <!---->\n        <div class=\"h-row justify-content-lg-center justify-content-md-center justify-content-center align-items-lg-stretch align-items-md-stretch align-items-stretch gutters-col-lg-2 gutters-col-md-2 gutters-col-0 gutters-col-v-lg-2 gutters-col-v-md-2 gutters-col-v-2\">\n          <!---->\n          <div class=\"h-column h-column-container d-flex h-col-lg-auto h-col-md-auto h-col-auto style-871-outer style-local-1322-c27-outer\">\n            <div data-colibri-id=\"1322-c27\" class=\"d-flex h-flex-basis h-column__inner h-px-lg-2 h-px-md-2 h-px-2 v-inner-lg-2 v-inner-md-2 v-inner-2 style-871 style-local-1322-c27 position-relative\">\n              <!---->\n              <!---->\n              <div class=\"w-100 h-y-container h-column__content h-column__v-align flex-basis-100 align-self-lg-start align-self-md-start align-self-start\">\n                <!---->\n                <div data-colibri-id=\"1322-c28\" class=\"h-x-container style-872 style-local-1322-c28 position-relative h-element\">\n                  <!---->\n                  <div class=\"h-x-container-inner style-dynamic-1322-c28-group style-872-spacing style-local-1322-c28-spacing\"><span class=\"h-link__outer style-873-outer style-local-1322-c29-outer d-inline-flex h-element\"><a h-use-smooth-scroll=\"true\" href=\"https:\/\/www.geofisica.unam.mx\/recursos\/docs\/IGEF_aviso_privacidad_20190802.pdf\" target=\"_blank\" data-colibri-id=\"1322-c29\" class=\"d-flex w-100 align-items-center h-link style-873 style-local-1322-c29 position-relative\" rel=\"noopener\"><!----><!----> <span>Aviso de privacidad<\/span><\/a>\n                    <\/span>\n                  <\/div>\n                <\/div>\n              <\/div>\n            <\/div>\n          <\/div>\n        <\/div>\n      <\/div>\n    <\/div>\n  <\/div>\n<\/div>","protected":false},"excerpt":{"rendered":"<p>Tradicionalmente la marea se mide en el interior de los puertos por dos motivos principales. Primero, porque es m\u00e1s f\u00e1cil atender una instalaci\u00f3n a la que se pueda acceder de manera f\u00e1cil y oportuna, como lo es una caseta a la orilla de un muelle, con la que adem\u00e1s queda protegida del mal tiempo (radiaci\u00f3n, [&hellip;]<\/p>\n","protected":false},"author":1,"featured_media":0,"parent":0,"menu_order":0,"comment_status":"closed","ping_status":"closed","template":"page-templates\/full-width-page.php","meta":[],"_links":{"self":[{"href":"https:\/\/quelites.geofisica.unam.mx\/wordpress\/index.php\/wp-json\/wp\/v2\/pages\/1322"}],"collection":[{"href":"https:\/\/quelites.geofisica.unam.mx\/wordpress\/index.php\/wp-json\/wp\/v2\/pages"}],"about":[{"href":"https:\/\/quelites.geofisica.unam.mx\/wordpress\/index.php\/wp-json\/wp\/v2\/types\/page"}],"author":[{"embeddable":true,"href":"https:\/\/quelites.geofisica.unam.mx\/wordpress\/index.php\/wp-json\/wp\/v2\/users\/1"}],"replies":[{"embeddable":true,"href":"https:\/\/quelites.geofisica.unam.mx\/wordpress\/index.php\/wp-json\/wp\/v2\/comments?post=1322"}],"version-history":[{"count":2,"href":"https:\/\/quelites.geofisica.unam.mx\/wordpress\/index.php\/wp-json\/wp\/v2\/pages\/1322\/revisions"}],"predecessor-version":[{"id":1327,"href":"https:\/\/quelites.geofisica.unam.mx\/wordpress\/index.php\/wp-json\/wp\/v2\/pages\/1322\/revisions\/1327"}],"wp:attachment":[{"href":"https:\/\/quelites.geofisica.unam.mx\/wordpress\/index.php\/wp-json\/wp\/v2\/media?parent=1322"}],"curies":[{"name":"wp","href":"https:\/\/api.w.org\/{rel}","templated":true}]}}