{"id":1305,"date":"2022-08-11T15:19:00","date_gmt":"2022-08-11T20:19:00","guid":{"rendered":"https:\/\/quelites.geofisica.unam.mx\/wordpress\/?page_id=1305"},"modified":"2022-08-11T15:21:16","modified_gmt":"2022-08-11T20:21:16","slug":"infootrascausas","status":"publish","type":"page","link":"https:\/\/quelites.geofisica.unam.mx\/wordpress\/index.php\/infootrascausas\/","title":{"rendered":"\u00bfExisten otras causas, ajenas a la marea, que producen un cambio en el nivel del mar?"},"content":{"rendered":"<div data-colibri-id=\"1305-c1\" class=\"style-806 style-local-1305-c1 position-relative\">\n  <!---->\n  <div data-colibri-component=\"section\" data-colibri-id=\"1305-c2\" id=\"custom\" class=\"h-section h-section-global-spacing d-flex align-items-lg-center align-items-md-center align-items-center style-807 style-local-1305-c2 position-relative\">\n    <!---->\n    <!---->\n    <div class=\"h-section-grid-container h-section-boxed-container\">\n      <!---->\n      <div data-colibri-id=\"1305-c14\" class=\"h-row-container gutters-row-lg-2 gutters-row-md-2 gutters-row-0 gutters-row-v-lg-2 gutters-row-v-md-2 gutters-row-v-2 style-819 style-local-1305-c14 position-relative\">\n        <!---->\n        <div class=\"h-row justify-content-lg-center justify-content-md-center justify-content-center align-items-lg-stretch align-items-md-stretch align-items-stretch gutters-col-lg-2 gutters-col-md-2 gutters-col-0 gutters-col-v-lg-2 gutters-col-v-md-2 gutters-col-v-2\">\n          <!---->\n          <div class=\"h-column h-column-container d-flex h-col-lg-auto h-col-md-auto h-col-auto style-820-outer style-local-1305-c15-outer\">\n            <div data-colibri-id=\"1305-c15\" class=\"d-flex h-flex-basis h-column__inner h-px-lg-2 h-px-md-2 h-px-2 v-inner-lg-2 v-inner-md-2 v-inner-2 style-820 style-local-1305-c15 position-relative\">\n              <!---->\n              <!---->\n              <div class=\"w-100 h-y-container h-column__content h-column__v-align flex-basis-100 align-self-lg-center align-self-md-center align-self-center\">\n                <!---->\n                <div data-colibri-id=\"1305-c9\" class=\"h-icon style-814 style-local-1305-c9 position-relative h-element\">\n                  <!---->\n                  <a href=\"https:\/\/quelites.geofisica.unam.mx\/wordpress\/index.php\/informacion\/\" h-use-smooth-scroll=\"true\"><span class=\"h-svg-icon h-icon__icon style-814-icon style-local-1305-c9-icon\"><!--Icon by Font Awesome (https:\/\/fontawesome.com)--><svg version=\"1.1\" xmlns=\"http:\/\/www.w3.org\/2000\/svg\" xmlns:xlink=\"http:\/\/www.w3.org\/1999\/xlink\" id=\"angle-left\" viewBox=\"0 0 960.7972 1896.0833\"><path d=\"M627 544q0 13-10 23L224 960l393 393q10 10 10 23t-10 23l-50 50q-10 10-23 10t-23-10L55 983q-10-10-10-23t10-23l466-466q10-10 23-10t23 10l50 50q10 10 10 23z\"><\/path><\/svg><\/span><\/a>\n                <\/div>\n              <\/div>\n            <\/div>\n          <\/div>\n          <div class=\"h-column h-column-container d-flex h-col-lg-auto h-col-md-auto h-col-auto style-821-outer style-local-1305-c16-outer\">\n            <div data-colibri-id=\"1305-c16\" class=\"d-flex h-flex-basis h-column__inner h-px-lg-2 h-px-md-2 h-px-2 v-inner-lg-2 v-inner-md-2 v-inner-2 style-821 style-local-1305-c16 position-relative\">\n              <!---->\n              <!---->\n              <div class=\"w-100 h-y-container h-column__content h-column__v-align flex-basis-100 align-self-lg-start align-self-md-start align-self-start\">\n                <!---->\n                <div data-colibri-id=\"1305-c17\" class=\"h-text h-text-component style-822 style-local-1305-c17 position-relative h-element\">\n                  <!---->\n                  <!---->\n                  <div class=\"\">\n                    <p>S\u00ed: la presi\u00f3n atmosf\u00e9rica, la marejada que produce el viento, las corrientes marinas y los movimientos verticales de la tierra firme del litoral. Ninguna de estas causas tiene una periodicidad tan precisa como la marea y por ello\n                      se pueden separar sus efectos a partir de los registros de nivel del mar. Los procedimientos matem\u00e1ticos requieren de una cantidad suficiente de datos de nivel del mar para dar resultados estad\u00edsticamente aceptables. Bajo tales condiciones\n                      la informaci\u00f3n mareogr\u00e1fica sirve no s\u00f3lo para conocer y predecir la evoluci\u00f3n de la marea local, sino tambi\u00e9n para conocer, estudiar y entender otros fen\u00f3menos oceanogr\u00e1ficos, meteorol\u00f3gicos y geof\u00edsicos, regionales y locales, que\n                      dejan su huella en los datos de nivel del mar. Por ejemplo, con el an\u00e1lisis de series de tiempo suficientemente largas del nivel del mar en un lugar dado, se puede identificar el paso de tormentas por esa localidad, su incidencia,\n                      intensidad y regularidad, am\u00e9n de otros elementos asociados a tales eventos extremos cuyo conocimiento sirva, de alguna manera, para atenuar impactos adversos a la poblaci\u00f3n y sus pertenencias, entre otros beneficios posibles.<\/p>\n                  <\/div>\n                <\/div>\n              <\/div>\n            <\/div>\n          <\/div>\n        <\/div>\n      <\/div>\n    <\/div>\n  <\/div>\n  <div data-colibri-component=\"section\" data-colibri-id=\"1305-c18\" id=\"reusable-sections\" class=\"h-section h-section-global-spacing d-flex align-items-lg-center align-items-md-center align-items-center style-823 style-local-1305-c18 position-relative\">\n    <!---->\n    <!---->\n    <div class=\"h-section-grid-container h-section-boxed-container\">\n      <!---->\n      <div data-colibri-id=\"1305-c19\" class=\"h-row-container gutters-row-lg-2 gutters-row-md-2 gutters-row-0 gutters-row-v-lg-2 gutters-row-v-md-2 gutters-row-v-2 style-824 style-local-1305-c19 position-relative\">\n        <!---->\n        <div class=\"h-row justify-content-lg-center justify-content-md-center justify-content-center align-items-lg-stretch align-items-md-stretch align-items-stretch gutters-col-lg-2 gutters-col-md-2 gutters-col-0 gutters-col-v-lg-2 gutters-col-v-md-2 gutters-col-v-2\">\n          <!---->\n          <div class=\"h-column h-column-container d-flex h-col-lg-auto h-col-md-auto h-col-auto style-825-outer style-local-1305-c20-outer\">\n            <div data-colibri-id=\"1305-c20\" class=\"d-flex h-flex-basis h-column__inner h-px-lg-2 h-px-md-2 h-px-2 v-inner-lg-2 v-inner-md-2 v-inner-2 style-825 style-local-1305-c20 position-relative\">\n              <!---->\n              <!---->\n              <div class=\"w-100 h-y-container h-column__content h-column__v-align flex-basis-100 align-self-lg-start align-self-md-start align-self-start\">\n                <!---->\n                <div data-colibri-id=\"1305-c21\" class=\"d-block style-826 style-local-1305-c21 position-relative h-element\">\n                  <!---->\n                  <div class=\"h-image__frame-container-outer\">\n                    <div class=\"h-image__frame-container\">\n                      <!---->\n                      <!---->\n                      <img loading=\"lazy\" width=\"201\" height=\"77\" src=\"https:\/\/quelites.geofisica.unam.mx\/wordpress\/wp-content\/uploads\/2022\/08\/dosLogosAzul.png\" class=\"wp-image-858 style-826-image style-local-1305-c21-image\" alt=\"\" \/>\n                      <div class=\"h-image__frame h-hide-lg h-hide-md h-hide-sm style-826-frameImage style-local-1305-c21-frameImage\"><\/div>\n                    <\/div>\n                  <\/div>\n                <\/div>\n                <div data-colibri-id=\"1305-c22\" class=\"h-text h-text-component style-827 style-local-1305-c22 position-relative h-element\">\n                  <!---->\n                  <!---->\n                  <div class=\"\">\n                    <p>Hecho en M\u00e9xico. Universidad Nacional Aut\u00f3noma de M\u00e9xico (UNAM). Todos los derechos reservados (2022). Esta p\u00e1gina y sus contenidos pueden ser reproducidos con fines no lucrativos, siempre y cuando no se mutile, se cite la fuente completa\n                      y su direcci\u00f3n electr\u00f3nica, de otra forma, se requiere permiso previo por escrito de la Instituci\u00f3n.<\/p>\n                  <\/div>\n                <\/div>\n              <\/div>\n            <\/div>\n          <\/div>\n          <div class=\"h-column h-column-container d-flex h-col-lg-auto h-col-md-auto h-col-auto style-828-outer style-local-1305-c23-outer\">\n            <div data-colibri-id=\"1305-c23\" class=\"d-flex h-flex-basis h-column__inner h-px-lg-2 h-px-md-2 h-px-2 v-inner-lg-2 v-inner-md-2 v-inner-2 style-828 style-local-1305-c23 position-relative\">\n              <!---->\n              <!---->\n              <div class=\"w-100 h-y-container h-column__content h-column__v-align flex-basis-100 align-self-lg-start align-self-md-start align-self-start\">\n                <!---->\n                <div data-colibri-id=\"1305-c24\" class=\"h-global-transition-all h-heading style-829 style-local-1305-c24 position-relative h-element\">\n                  <!---->\n                  <div class=\"h-heading__outer style-829 style-local-1305-c24\">\n                    <!---->\n                    <!---->\n                    <h5 class=\"\">Enlaces<\/h5>\n                  <\/div>\n                <\/div>\n                <div data-colibri-id=\"1305-c25\" class=\"h-divider style-830 style-local-1305-c25 position-relative h-element\">\n                  <!----><span class=\"h-divider__line style-830-line style-local-1305-c25-line style-830-line style-local-1305-c25-line\"><\/span><\/div>\n                <div data-colibri-id=\"1305-c26\" class=\"icon-list d-flex justify-content-lg-center justify-content-md-center justify-content-center style-831 style-local-1305-c26 position-relative h-element\">\n                  <!---->\n                  <ul class=\"ul-list-icon vertical-on-desktop vertical-on-tablet vertical-on-mobile justify-content-lg-center justify-content-md-center justify-content-center\">\n                    <!---->\n                    <li class=\"list-item no-gutters\">\n                      <!---->\n                      <div class=\"list-container-divider d-flex justify-content-lg-center justify-content-md-center justify-content-center first-el-spacer\"><\/div>\n                      <a href=\"https:\/\/www.geofisica.unam.mx\/igualdad\/\" target=\"_blank\" h-use-smooth-scroll=\"true\" class=\"item-link no-gutters\" rel=\"noopener\">\n                        <div class=\"d-flex h-col no-gutters align-items-lg-center align-items-md-center align-items-center list-item-text-wrapper\">\n                          <div class=\"d-flex\"><span class=\"h-svg-icon style-831-icon style-local-1305-c26-icon\"><!--Icon by Font Awesome (https:\/\/fontawesome.com)--><svg version=\"1.1\" xmlns=\"http:\/\/www.w3.org\/2000\/svg\" xmlns:xlink=\"http:\/\/www.w3.org\/1999\/xlink\" id=\"check\" viewBox=\"0 0 1792 1896.0833\"><path d=\"M1671 566q0 40-28 68l-724 724-136 136q-28 28-68 28t-68-28l-136-136-362-362q-28-28-28-68t28-68l136-136q28-28 68-28t68 28l294 295 656-657q28-28 68-28t68 28l136 136q28 28 28 68z\"><\/path><\/svg><\/span><\/div>\n                          <span class=\"list-text d-block\"><span>Igualdad de g\u00e9nero<\/span><\/span>\n                        <\/div>\n                      <\/a>\n                      <div class=\"list-container-divider d-flex justify-content-lg-center justify-content-md-center justify-content-center\">\n                        <!---->\n                      <\/div>\n                    <\/li>\n                    <li class=\"list-item no-gutters\">\n                      <!---->\n                      <!---->\n                      <a href=\"http:\/\/www.transparencia.unam.mx\/\" target=\"_blank\" h-use-smooth-scroll=\"true\" class=\"item-link no-gutters\" rel=\"noopener\">\n                        <div class=\"d-flex h-col no-gutters align-items-lg-center align-items-md-center align-items-center list-item-text-wrapper\">\n                          <div class=\"d-flex\"><span class=\"h-svg-icon style-831-icon style-local-1305-c26-icon\"><!--Icon by Font Awesome (https:\/\/fontawesome.com)--><svg version=\"1.1\" xmlns=\"http:\/\/www.w3.org\/2000\/svg\" xmlns:xlink=\"http:\/\/www.w3.org\/1999\/xlink\" id=\"check\" viewBox=\"0 0 1792 1896.0833\"><path d=\"M1671 566q0 40-28 68l-724 724-136 136q-28 28-68 28t-68-28l-136-136-362-362q-28-28-28-68t28-68l136-136q28-28 68-28t68 28l294 295 656-657q28-28 68-28t68 28l136 136q28 28 28 68z\"><\/path><\/svg><\/span><\/div>\n                          <span class=\"list-text d-block\"><span>Portal de Transparencia Universitaria<\/span><\/span>\n                        <\/div>\n                      <\/a>\n                      <div class=\"list-container-divider d-flex justify-content-lg-center justify-content-md-center justify-content-center\" style=\"display: none;\">\n                        <!---->\n                      <\/div>\n                      <div class=\"list-container-divider d-flex justify-content-lg-center justify-content-md-center justify-content-center last-el-spacer\"><\/div>\n                    <\/li>\n                  <\/ul>\n                <\/div>\n              <\/div>\n            <\/div>\n          <\/div>\n          <div class=\"h-column h-column-container d-flex h-col-lg-auto h-col-md-auto h-col-auto style-832-outer style-local-1305-c27-outer\">\n            <div data-colibri-id=\"1305-c27\" class=\"d-flex h-flex-basis h-column__inner h-px-lg-2 h-px-md-2 h-px-2 v-inner-lg-2 v-inner-md-2 v-inner-2 style-832 style-local-1305-c27 position-relative\">\n              <!---->\n              <!---->\n              <div class=\"w-100 h-y-container h-column__content h-column__v-align flex-basis-100 align-self-lg-start align-self-md-start align-self-start\">\n                <!---->\n                <div data-colibri-id=\"1305-c28\" class=\"h-global-transition-all h-heading style-833 style-local-1305-c28 position-relative h-element\">\n                  <!---->\n                  <div class=\"h-heading__outer style-833 style-local-1305-c28\">\n                    <!---->\n                    <!---->\n                    <h5 class=\"\">Solicitud de datos<\/h5>\n                  <\/div>\n                <\/div>\n                <div data-colibri-id=\"1305-c29\" class=\"h-divider style-834 style-local-1305-c29 position-relative h-element\">\n                  <!----><span class=\"h-divider__line style-834-line style-local-1305-c29-line style-834-line style-local-1305-c29-line\"><\/span><\/div>\n                <div data-colibri-id=\"1305-c30\" class=\"h-text h-text-component style-835 style-local-1305-c30 position-relative h-element\">\n                  <!---->\n                  <!---->\n                  <div class=\"\">\n                    <p>Si usted requiere datos del Servicio Mareogr\u00e1fico Nacional, favor de descargar y llenar el siguiente formato:\n                      <br>\n                    <\/p>\n                  <\/div>\n                <\/div>\n                <div data-colibri-id=\"1305-c31\" class=\"h-x-container style-836 style-local-1305-c31 position-relative h-element\">\n                  <!---->\n                  <div class=\"h-x-container-inner style-dynamic-1305-c31-group style-836-spacing style-local-1305-c31-spacing\"><span class=\"h-link__outer style-837-outer style-local-1305-c32-outer d-inline-flex h-element\"><a h-use-smooth-scroll=\"true\" href=\"http:\/\/www.mareografico.unam.mx\/formato_solicitud_datos.pdf\" target=\"_blank\" data-colibri-id=\"1305-c32\" class=\"d-flex w-100 align-items-center h-link style-837 style-local-1305-c32 position-relative\" rel=\"noopener\"><!----><span  class=\"h-svg-icon h-link__icon style-837-icon style-local-1305-c32-icon\"><!--Icon by Font Awesome (https:\/\/fontawesome.com)--><svg version=\"1.1\" xmlns=\"http:\/\/www.w3.org\/2000\/svg\" xmlns:xlink=\"http:\/\/www.w3.org\/1999\/xlink\" id=\"pencil-square-o\" viewBox=\"0 0 1792 1896.0833\"><path d=\"M888 1184l116-116-152-152-116 116v56h96v96h56zm440-720q-16-16-33 1L945 815q-17 17-1 33t33-1l350-350q17-17 1-33zm80 594v190q0 119-84.5 203.5T1120 1536H288q-119 0-203.5-84.5T0 1248V416q0-119 84.5-203.5T288 128h832q63 0 117 25 15 7 18 23 3 17-9 29l-49 49q-14 14-32 8-23-6-45-6H288q-66 0-113 47t-47 113v832q0 66 47 113t113 47h832q66 0 113-47t47-113v-126q0-13 9-22l64-64q15-15 35-7t20 29zm-96-738l288 288-672 672H640V992zm444 132l-92 92-288-288 92-92q28-28 68-28t68 28l152 152q28 28 28 68t-28 68z\"><\/path><\/svg><\/span>                    <span>SOLICITUD<\/span><\/a>\n                    <\/span>\n                  <\/div>\n                <\/div>\n                <div data-colibri-id=\"1305-c33\" class=\"h-text h-text-component style-838 style-local-1305-c33 position-relative h-element\">\n                  <!---->\n                  <!---->\n                  <div class=\"\">\n                    <p>Y enviarla de forma electr\u00f3nica a\n                      <br>\n                    <\/p>\n                  <\/div>\n                <\/div>\n                <div data-colibri-id=\"1305-c34\" class=\"h-x-container style-839 style-local-1305-c34 position-relative h-element\">\n                  <!---->\n                  <div class=\"h-x-container-inner style-dynamic-1305-c34-group style-839-spacing style-local-1305-c34-spacing\"><span class=\"h-link__outer style-840-outer style-local-1305-c35-outer d-inline-flex h-element\"><a h-use-smooth-scroll=\"true\" href=\"mailto:solicitudessmn@igeofisica.unam.mx\"  data-colibri-id=\"1305-c35\" class=\"d-flex w-100 align-items-center h-link style-840 style-local-1305-c35 position-relative\"><!----><span  class=\"h-svg-icon h-link__icon style-840-icon style-local-1305-c35-icon\"><!--Icon by Font Awesome (https:\/\/fontawesome.com)--><svg version=\"1.1\" xmlns=\"http:\/\/www.w3.org\/2000\/svg\" xmlns:xlink=\"http:\/\/www.w3.org\/1999\/xlink\" id=\"envelope-o\" viewBox=\"0 0 1792 1896.0833\"><path d=\"M1664 1504V736q-32 36-69 66-268 206-426 338-51 43-83 67t-86.5 48.5T897 1280h-2q-48 0-102.5-24.5T706 1207t-83-67q-158-132-426-338-37-30-69-66v768q0 13 9.5 22.5t22.5 9.5h1472q13 0 22.5-9.5t9.5-22.5zm0-1051v-24.5l-.5-13-3-12.5-5.5-9-9-7.5-14-2.5H160q-13 0-22.5 9.5T128 416q0 168 147 284 193 152 401 317 6 5 35 29.5t46 37.5 44.5 31.5T852 1143t43 9h2q20 0 43-9t50.5-27.5 44.5-31.5 46-37.5 35-29.5q208-165 401-317 54-43 100.5-115.5T1664 453zm128-37v1088q0 66-47 113t-113 47H160q-66 0-113-47T0 1504V416q0-66 47-113t113-47h1472q66 0 113 47t47 113z\"><\/path><\/svg><\/span>                    <span>solicitudessmn@igeofisica.unam.mx<\/span><\/a>\n                    <\/span>\n                  <\/div>\n                <\/div>\n              <\/div>\n            <\/div>\n          <\/div>\n        <\/div>\n      <\/div>\n      <div data-colibri-id=\"1305-c36\" class=\"h-row-container gutters-row-lg-2 gutters-row-md-2 gutters-row-0 gutters-row-v-lg-2 gutters-row-v-md-2 gutters-row-v-2 style-841 style-local-1305-c36 position-relative\">\n        <!---->\n        <div class=\"h-row justify-content-lg-center justify-content-md-center justify-content-center align-items-lg-stretch align-items-md-stretch align-items-stretch gutters-col-lg-2 gutters-col-md-2 gutters-col-0 gutters-col-v-lg-2 gutters-col-v-md-2 gutters-col-v-2\">\n          <!---->\n          <div class=\"h-column h-column-container d-flex h-col-lg-auto h-col-md-auto h-col-auto style-842-outer style-local-1305-c37-outer\">\n            <div data-colibri-id=\"1305-c37\" class=\"d-flex h-flex-basis h-column__inner h-px-lg-2 h-px-md-2 h-px-2 v-inner-lg-2 v-inner-md-2 v-inner-2 style-842 style-local-1305-c37 position-relative\">\n              <!---->\n              <!---->\n              <div class=\"w-100 h-y-container h-column__content h-column__v-align flex-basis-100 align-self-lg-start align-self-md-start align-self-start\">\n                <!---->\n                <div data-colibri-id=\"1305-c38\" class=\"h-x-container style-843 style-local-1305-c38 position-relative h-element\">\n                  <!---->\n                  <div class=\"h-x-container-inner style-dynamic-1305-c38-group style-843-spacing style-local-1305-c38-spacing\"><span class=\"h-link__outer style-844-outer style-local-1305-c39-outer d-inline-flex h-element\"><a h-use-smooth-scroll=\"true\" href=\"https:\/\/www.geofisica.unam.mx\/recursos\/docs\/IGEF_aviso_privacidad_20190802.pdf\" target=\"_blank\" data-colibri-id=\"1305-c39\" class=\"d-flex w-100 align-items-center h-link style-844 style-local-1305-c39 position-relative\" rel=\"noopener\"><!----><!----> <span>Aviso de privacidad<\/span><\/a>\n                    <\/span>\n                  <\/div>\n                <\/div>\n              <\/div>\n            <\/div>\n          <\/div>\n        <\/div>\n      <\/div>\n    <\/div>\n  <\/div>\n<\/div>","protected":false},"excerpt":{"rendered":"<p>S\u00ed: la presi\u00f3n atmosf\u00e9rica, la marejada que produce el viento, las corrientes marinas y los movimientos verticales de la tierra firme del litoral. Ninguna de estas causas tiene una periodicidad tan precisa como la marea y por ello se pueden separar sus efectos a partir de los registros de nivel del mar. Los procedimientos matem\u00e1ticos [&hellip;]<\/p>\n","protected":false},"author":1,"featured_media":0,"parent":0,"menu_order":0,"comment_status":"closed","ping_status":"closed","template":"page-templates\/full-width-page.php","meta":[],"_links":{"self":[{"href":"https:\/\/quelites.geofisica.unam.mx\/wordpress\/index.php\/wp-json\/wp\/v2\/pages\/1305"}],"collection":[{"href":"https:\/\/quelites.geofisica.unam.mx\/wordpress\/index.php\/wp-json\/wp\/v2\/pages"}],"about":[{"href":"https:\/\/quelites.geofisica.unam.mx\/wordpress\/index.php\/wp-json\/wp\/v2\/types\/page"}],"author":[{"embeddable":true,"href":"https:\/\/quelites.geofisica.unam.mx\/wordpress\/index.php\/wp-json\/wp\/v2\/users\/1"}],"replies":[{"embeddable":true,"href":"https:\/\/quelites.geofisica.unam.mx\/wordpress\/index.php\/wp-json\/wp\/v2\/comments?post=1305"}],"version-history":[{"count":2,"href":"https:\/\/quelites.geofisica.unam.mx\/wordpress\/index.php\/wp-json\/wp\/v2\/pages\/1305\/revisions"}],"predecessor-version":[{"id":1310,"href":"https:\/\/quelites.geofisica.unam.mx\/wordpress\/index.php\/wp-json\/wp\/v2\/pages\/1305\/revisions\/1310"}],"wp:attachment":[{"href":"https:\/\/quelites.geofisica.unam.mx\/wordpress\/index.php\/wp-json\/wp\/v2\/media?parent=1305"}],"curies":[{"name":"wp","href":"https:\/\/api.w.org\/{rel}","templated":true}]}}